{"id":1041,"date":"2023-03-17T10:03:24","date_gmt":"2023-03-17T10:03:24","guid":{"rendered":"https:\/\/rehins.com\/?page_id=1041"},"modified":"2023-07-20T09:14:25","modified_gmt":"2023-07-20T09:14:25","slug":"politica-de-privadesa-i-avis-legal","status":"publish","type":"page","link":"https:\/\/rehins.com\/ca\/politica-de-privadesa-i-avis-legal\/","title":{"rendered":"Pol\u00edtica de privadesa"},"content":{"rendered":"\n<h2 class=\"wp-block-heading has-text-align-center\">POL\u00cdTICA DE PRIVACIDAD DE www.rehins.com<\/h2>\n\n\n\n<p><strong>Datos del propietario de la web:<\/strong><\/p>\n\n\n\n<figure class=\"wp-block-table\"><table><tbody><tr><td><strong>RAZ\u00d3N SOCIAL<\/strong><strong><\/strong><\/td><td>HIDRAULICA REHINS, SLU<\/td><\/tr><tr><td><strong>NIF<\/strong><strong><\/strong><\/td><td>B64204498<\/td><\/tr><tr><td><strong>DOMINIO<\/strong><strong><\/strong><\/td><td><a href=\"http:\/\/www.rehins.com\/\">www.rehins.com<\/a><\/td><\/tr><tr><td><strong>DIRECCI\u00d3N POSTAL<\/strong><strong><\/strong><\/td><td>TARRAGONA, 46,08850 GAVA(BARCELONA)<\/td><\/tr><tr><td><strong>DIRECCI\u00d3N ELECTR\u00d3NICA<\/strong><strong><\/strong><\/td><td><a href=\"mailto:monicacv@rehins.com\">monicacv@rehins.com<\/a><\/td><\/tr><tr><td><strong>TEL\u00c9FONOS<\/strong><strong><\/strong><\/td><td>936377914<\/td><\/tr><tr><td><strong>N\u00ba REGISTRO\/ DATOS ADICIONALES<\/strong><strong><\/strong><\/td><td>&nbsp;<\/td><\/tr><\/tbody><\/table><\/figure>\n\n\n\n<p><strong>Protecci\u00f3n de datos<\/strong>:<\/p>\n\n\n\n<p>De conformidad con la normativa vigente y aplicable en protecci\u00f3n de datos de car\u00e1cter personal, le informamos que sus datos ser\u00e1n incorporados al sistema de tratamiento titularidad de HIDRAULICA REHINS, SLU con NIF B64204498 y domicilio social sito en TARRAGONA, 46,08850 GAVA(BARCELONA). A continuaci\u00f3n, le indicamos los aspectos m\u00e1s destacables de los tratamientos realizados:<\/p>\n\n\n\n<figure class=\"wp-block-table\"><table><tbody><tr><td class=\"has-text-align-left\" data-align=\"left\" colspan=\"2\"><strong>TRATAMIENTOS REALIZADOS<\/strong><strong><\/strong><\/td><\/tr><tr><td class=\"has-text-align-left\" data-align=\"left\">Acciones comerciales formulario web<\/td><td><strong>Finalidad: <\/strong>Captaci\u00f3n, registro y tratamiento de datos con finalidades de atender sus consultas y\/o solicitudes, as\u00ed como de publicidad y prospecci\u00f3n comercial. <br><strong>Plazo de conservaci\u00f3n: <\/strong>mientras se mantenga el consentimiento prestado, salvo obligaci\u00f3n legal. <br><strong>Base leg\u00edtima: <\/strong>El consentimiento del interesado. <br><strong>Tipolog\u00eda de Datos:<\/strong> <br><strong>Datos b\u00e1sicos: <\/strong>Nombre y apellidos, Direcci\u00f3n electr\u00f3nica<\/td><\/tr><tr><td class=\"has-text-align-left\" data-align=\"left\">Gesti\u00f3n usuarios web<\/td><td><strong>Finalidad: <\/strong>Captaci\u00f3n, registro y tratamiento de datos del usuario. <br><strong>Plazo de conservaci\u00f3n: <\/strong>mientras se mantenga el consentimiento prestado, salvo obligaci\u00f3n legal. <br><strong>Base leg\u00edtima: <\/strong>El consentimiento del interesado. <br><strong>Tipolog\u00eda de Datos:<\/strong> <br><strong>Datos b\u00e1sicos: <\/strong>Nombre y apellidos, Direcci\u00f3n electr\u00f3nica<\/td><\/tr><tr><td class=\"has-text-align-left\" data-align=\"left\">Instalaci\u00f3n de cookies<\/td><td><strong>Finalidad: <\/strong>Gesti\u00f3n e instalaci\u00f3n de las cookies. <br><strong>Plazo de conservaci\u00f3n: <\/strong>mientras se mantenga el consentimiento prestado. <br><strong>Base leg\u00edtima: <\/strong>El consentimiento del interesado. <br><strong>Tipolog\u00eda de Datos:<\/strong> <br><strong>Datos b\u00e1sicos: <\/strong>Direcci\u00f3n electr\u00f3nica, Direcci\u00f3n IP<\/td><\/tr><tr><td class=\"has-text-align-left\" data-align=\"left\">Newsletter<\/td><td><strong>Finalidad: <\/strong>Gesti\u00f3n de la suscripci\u00f3n a la newsletter, para realizar los env\u00edos correspondientes. <br><strong>Plazo de conservaci\u00f3n: <\/strong>mientras se mantenga el consentimiento prestado. <br><strong>Base leg\u00edtima: <\/strong>El consentimiento del interesado. <br><strong>Tipolog\u00eda de Datos:<\/strong> <br><strong>Datos b\u00e1sicos: <\/strong>Nombre y apellidos, Direcci\u00f3n electr\u00f3nica<\/td><\/tr><tr><td class=\"has-text-align-left\" data-align=\"left\">Gesti\u00f3n Formulario web<\/td><td><strong>Finalidad: <\/strong>Atender sus consultas y\/o solicitudes. <br><strong>Plazo de conservaci\u00f3n: <\/strong>mientras se mantenga el consentimiento prestado. <br><strong>Base leg\u00edtima: <\/strong>El consentimiento del interesado. <br><strong>Tipolog\u00eda de Datos:<\/strong> <br><strong>Datos b\u00e1sicos: <\/strong>Nombre y apellidos, Direcci\u00f3n electr\u00f3nica, Direcci\u00f3n IP<\/td><\/tr><\/tbody><\/table><\/figure>\n\n\n\n<p><strong>Derechos de los interesados<\/strong><\/p>\n\n\n\n<p>HIDRAULICA REHINS, SLU informa a los Usuarios que, podr\u00e1 ejercer los derechos de acceso, rectificaci\u00f3n, limitaci\u00f3n, supresi\u00f3n, portabilidad, oposici\u00f3n al tratamiento de sus datos de car\u00e1cter personal y el derecho a no ser objeto de decisiones automatizadas, incluida la elaboraci\u00f3n de perfiles, ante el Responsable del Tratamiento, as\u00ed como a la retirada del consentimiento prestado.<\/p>\n\n\n\n<ul class=\"wp-block-list\">\n<li><strong>Derecho de Acceso: <\/strong>Es el derecho del usuario a obtener confirmaci\u00f3n sobre si se est\u00e1n tratando sus datos y, en tal caso, los concretos datos personales tratados y la informaci\u00f3n legal del tratamiento (finalidades, base legitimadora, plazos de conservaci\u00f3n, cesiones, origen de los datos, etc.).<\/li>\n<\/ul>\n\n\n\n<ul class=\"wp-block-list\">\n<li><strong>Derecho de Rectificaci\u00f3n: <\/strong>Es el derecho del afectado a que se modifiquen los datos que resulten ser inexactos o incompletos. En relaci\u00f3n a la p\u00e1gina web, s\u00f3lo podr\u00e1 satisfacerse en relaci\u00f3n a aquella informaci\u00f3n que se encuentre bajo el control del sitio web, por ejemplo, eliminar comentarios publicados en la propia p\u00e1gina, im\u00e1genes o contenidos web donde consten datos de car\u00e1cter personal del usuario.<\/li>\n<\/ul>\n\n\n\n<ul class=\"wp-block-list\">\n<li><strong>Derecho a la Limitaci\u00f3n de tratamiento: <\/strong>Es el derecho a que se limiten los fines del tratamiento previstos de forma original por el responsable del tratamiento en determinados supuestos.<\/li>\n<\/ul>\n\n\n\n<ul class=\"wp-block-list\">\n<li><strong>Derecho de Supresi\u00f3n: <\/strong>Es el derecho a suprimir los datos de car\u00e1cter personal del usuario, a excepci\u00f3n de lo previsto en el propio RGPD (libertad de expresi\u00f3n e informaci\u00f3n, obligaciones de conservaci\u00f3n, formulaci\u00f3n, ejercicio o defensa de reclamaciones, etc.).<\/li>\n<\/ul>\n\n\n\n<ul class=\"wp-block-list\">\n<li><strong>Derecho a la Portabilidad: <\/strong>El derecho a recibir los datos personales que el usuario haya facilitado, en un formato estructurado, de uso com\u00fan y lectura mec\u00e1nica, y a transmitirlos a otro responsable cuando el tratamiento est\u00e1 basado en el consentimiento o en la ejecuci\u00f3n de un contrato y se efect\u00fae por medios automatizados.<\/li>\n<\/ul>\n\n\n\n<ul class=\"wp-block-list\">\n<li><strong>Derecho de Oposici\u00f3n: <\/strong>Es el derecho del usuario a que no se lleve a cabo el tratamiento de sus datos de car\u00e1cter personal o se cese el tratamiento de los mismos por parte del sitio web cuando el tratamiento est\u00e9 basado en el inter\u00e9s leg\u00edtimo o el inter\u00e9s p\u00fablico o cuando se trate de tratamientos de mercadotecnia directa.<\/li>\n<\/ul>\n\n\n\n<ul class=\"wp-block-list\">\n<li><strong>Derecho a no ser objeto de decisiones automatizadas, incluida la elaboraci\u00f3n de perfiles: <\/strong>Cuando el tratamiento no es necesario para la celebraci\u00f3n o ejecuci\u00f3n de un contrato, ni est\u00e1 autorizada por el Derecho de la Uni\u00f3n Europea o de los Estados miembros ni se basa en el consentimiento, tiene derecho a no ser objeto de una decisi\u00f3n basada \u00fanicamente en el tratamiento automatizado, incluida la elaboraci\u00f3n de perfiles, que produzca efectos jur\u00eddicos o le afecte significativamente de modo similar.<\/li>\n<\/ul>\n\n\n\n<ul class=\"wp-block-list\">\n<li><strong>Derecho a retirar el consentimiento: <\/strong>Para cualquier tratamiento basado en su consentimiento, tiene derecho a retirarlo, en cualquier momento y de manera gratuita.<\/li>\n<\/ul>\n\n\n\n<p>Para ejercer cualquiera de los derechos en materia de protecci\u00f3n de datos descritos anteriormente deber\u00e1 seguir las siguientes indicaciones:<\/p>\n\n\n\n<p>Presentaci\u00f3n de un escrito a la direcci\u00f3n TARRAGONA, 46,08850 GAVA(BARCELONA) (a la atenci\u00f3n de HIDRAULICA REHINS, SLU) o bien a trav\u00e9s de correo electr\u00f3nico a por correo electr\u00f3nico a <a href=\"mailto:monicacv@rehins.com\">monicacv@rehins.com <\/a>.<\/p>\n\n\n\n<p>El escrito remitido por el titular de los datos personales (interesado\/a) que solicite el ejercicio de derechos deber\u00e1 tener en cuenta lo siguiente:<\/p>\n\n\n\n<ul class=\"wp-block-list\">\n<li>Deber\u00e1 identificarse fehacientemente y, en el caso de que concurran dudas sobre la identidad del solicitante, se le solicitar\u00e1 que subsane la petici\u00f3n (p. ej. solicitando m\u00e1s informaci\u00f3n, como el n\u00famero de DNI, el documento del DNI, el correo electr\u00f3nico que aport\u00f3, etc.)<\/li>\n<\/ul>\n\n\n\n<ul class=\"wp-block-list\">\n<li>La solicitud puede realizarla el representante, legal o voluntario, cuando \u00e9ste est\u00e9 debidamente identificado y autorizado por el titular de los datos (mediante una autorizaci\u00f3n expresa del titular para ejercer los derechos personal\u00edsimos regulados en la normativa en materia de protecci\u00f3n de datos personales).<\/li>\n<\/ul>\n\n\n\n<ul class=\"wp-block-list\">\n<li>Petici\u00f3n en que se concreta la solicitud (Derecho\/s que se pretende\/n ejercer). Si no hace referencia a un tratamiento concreto se le facilitar\u00e1 respuesta en relaci\u00f3n a todos los tratamientos que afectan a sus datos de car\u00e1cter personal. Si solicita informaci\u00f3n de un tratamiento en concreto, s\u00f3lo la informaci\u00f3n de \u00e9ste. Si lo solicita por tel\u00e9fono se le indicar\u00e1 que lo haga por escrito y se le informar\u00e1 de c\u00f3mo lo puede hacer y la direcci\u00f3n a la que tiene que enviarlo. Nunca se le dar\u00e1 informaci\u00f3n por tel\u00e9fono.<\/li>\n<\/ul>\n\n\n\n<ul class=\"wp-block-list\">\n<li>Direcci\u00f3n postal o electr\u00f3nica a efectos de notificaciones.<\/li>\n<\/ul>\n\n\n\n<ul class=\"wp-block-list\">\n<li>Documentos acreditativos de la petici\u00f3n que formula, en caso de que sean necesarios.<\/li>\n<\/ul>\n\n\n\n<ul class=\"wp-block-list\">\n<li>La persona solicitante debe utilizar cualquier medio que permita acreditar el env\u00edo y la recepci\u00f3n de la solicitud.<\/li>\n<\/ul>\n\n\n\n<p>Por \u00faltimo, le informamos que tiene derecho a presentar una reclamaci\u00f3n ante la Agencia Espa\u00f1ola de Protecci\u00f3n de Datos en caso de que tenga conocimiento o considere que un hecho pueda suponer un incumplimiento de la normativa aplicable en materia de protecci\u00f3n de datos.<\/p>\n\n\n\n<p>HIDRAULICA REHINS, SLU se compromete a adoptar las medidas t\u00e9cnicas y organizativas necesarias, acorde al nivel de riesgos que acompa\u00f1an los tratamientos realizados por \u00e9stas e indicados en el apartado de los t\u00e9rminos y condiciones de uso, de forma que garanticen su integridad, confidencialidad y disponibilidad.<\/p>\n\n\n\n<p><strong>\u00daltima actualizaci\u00f3n: <\/strong>31 de mayo de 2023<\/p>\n","protected":false},"excerpt":{"rendered":"<p>POL\u00cdTICA DE PRIVACIDAD DE www.rehins.com Datos del propietario de la web: RAZ\u00d3N SOCIAL HIDRAULICA REHINS, SLU NIF B64204498 DOMINIO www.rehins.com DIRECCI\u00d3N POSTAL TARRAGONA, 46,08850 GAVA(BARCELONA) DIRECCI\u00d3N ELECTR\u00d3NICA monicacv@rehins.com TEL\u00c9FONOS 936377914 N\u00ba REGISTRO\/ DATOS ADICIONALES &nbsp; Protecci\u00f3n de datos: De conformidad con la normativa vigente y aplicable en protecci\u00f3n de datos de car\u00e1cter personal, le informamos [&hellip;]<\/p>\n","protected":false},"author":2,"featured_media":0,"parent":0,"menu_order":10,"comment_status":"closed","ping_status":"closed","template":"","meta":{"_acf_changed":false,"footnotes":""},"class_list":["post-1041","page","type-page","status-publish","hentry"],"acf":[],"yoast_head":"<!-- This site is optimized with the Yoast SEO plugin v26.8 - https:\/\/yoast.com\/product\/yoast-seo-wordpress\/ -->\n<title>Pol\u00edtica de privadesa - Hidraulica Rehins<\/title>\n<meta name=\"robots\" content=\"index, follow, max-snippet:-1, max-image-preview:large, max-video-preview:-1\" \/>\n<link rel=\"canonical\" href=\"https:\/\/rehins.com\/politica-de-privacidad-y-aviso-legal\/\" \/>\n<meta property=\"og:locale\" content=\"ca_ES\" \/>\n<meta property=\"og:type\" content=\"article\" \/>\n<meta property=\"og:title\" content=\"Pol\u00edtica de privadesa - Hidraulica Rehins\" \/>\n<meta property=\"og:description\" content=\"POL\u00cdTICA DE PRIVACIDAD DE www.rehins.com Datos del propietario de la web: RAZ\u00d3N SOCIAL HIDRAULICA REHINS, SLU NIF B64204498 DOMINIO www.rehins.com DIRECCI\u00d3N POSTAL TARRAGONA, 46,08850 GAVA(BARCELONA) DIRECCI\u00d3N ELECTR\u00d3NICA monicacv@rehins.com TEL\u00c9FONOS 936377914 N\u00ba REGISTRO\/ DATOS ADICIONALES &nbsp; Protecci\u00f3n de datos: De conformidad con la normativa vigente y aplicable en protecci\u00f3n de datos de car\u00e1cter personal, le informamos [&hellip;]\" \/>\n<meta property=\"og:url\" content=\"https:\/\/rehins.com\/politica-de-privacidad-y-aviso-legal\/\" \/>\n<meta property=\"og:site_name\" content=\"Hidraulica Rehins\" \/>\n<meta property=\"article:modified_time\" content=\"2023-07-20T09:14:25+00:00\" \/>\n<meta name=\"twitter:card\" content=\"summary_large_image\" \/>\n<meta name=\"twitter:label1\" content=\"Temps estimat de lectura\" \/>\n\t<meta name=\"twitter:data1\" content=\"6 minuts\" \/>\n<!-- \/ Yoast SEO plugin. -->","yoast_head_json":{"title":"Pol\u00edtica de privadesa - Hidraulica Rehins","robots":{"index":"index","follow":"follow","max-snippet":"max-snippet:-1","max-image-preview":"max-image-preview:large","max-video-preview":"max-video-preview:-1"},"canonical":"https:\/\/rehins.com\/politica-de-privacidad-y-aviso-legal\/","og_locale":"ca_ES","og_type":"article","og_title":"Pol\u00edtica de privadesa - Hidraulica Rehins","og_description":"POL\u00cdTICA DE PRIVACIDAD DE www.rehins.com Datos del propietario de la web: RAZ\u00d3N SOCIAL HIDRAULICA REHINS, SLU NIF B64204498 DOMINIO www.rehins.com DIRECCI\u00d3N POSTAL TARRAGONA, 46,08850 GAVA(BARCELONA) DIRECCI\u00d3N ELECTR\u00d3NICA monicacv@rehins.com TEL\u00c9FONOS 936377914 N\u00ba REGISTRO\/ DATOS ADICIONALES &nbsp; Protecci\u00f3n de datos: De conformidad con la normativa vigente y aplicable en protecci\u00f3n de datos de car\u00e1cter personal, le informamos [&hellip;]","og_url":"https:\/\/rehins.com\/politica-de-privacidad-y-aviso-legal\/","og_site_name":"Hidraulica Rehins","article_modified_time":"2023-07-20T09:14:25+00:00","twitter_card":"summary_large_image","twitter_misc":{"Temps estimat de lectura":"6 minuts"},"schema":{"@context":"https:\/\/schema.org","@graph":[{"@type":"WebPage","@id":"https:\/\/rehins.com\/politica-de-privacidad-y-aviso-legal\/","url":"https:\/\/rehins.com\/politica-de-privacidad-y-aviso-legal\/","name":"Pol\u00edtica de privadesa - Hidraulica Rehins","isPartOf":{"@id":"https:\/\/rehins.com\/#website"},"datePublished":"2023-03-17T10:03:24+00:00","dateModified":"2023-07-20T09:14:25+00:00","breadcrumb":{"@id":"https:\/\/rehins.com\/politica-de-privacidad-y-aviso-legal\/#breadcrumb"},"inLanguage":"ca","potentialAction":[{"@type":"ReadAction","target":["https:\/\/rehins.com\/politica-de-privacidad-y-aviso-legal\/"]}]},{"@type":"BreadcrumbList","@id":"https:\/\/rehins.com\/politica-de-privacidad-y-aviso-legal\/#breadcrumb","itemListElement":[{"@type":"ListItem","position":1,"name":"Portada","item":"https:\/\/rehins.com\/"},{"@type":"ListItem","position":2,"name":"Pol\u00edtica de privadesa"}]},{"@type":"WebSite","@id":"https:\/\/rehins.com\/#website","url":"https:\/\/rehins.com\/","name":"Hidraulica Rehins","description":"","publisher":{"@id":"https:\/\/rehins.com\/#organization"},"potentialAction":[{"@type":"SearchAction","target":{"@type":"EntryPoint","urlTemplate":"https:\/\/rehins.com\/?s={search_term_string}"},"query-input":{"@type":"PropertyValueSpecification","valueRequired":true,"valueName":"search_term_string"}}],"inLanguage":"ca"},{"@type":"Organization","@id":"https:\/\/rehins.com\/#organization","name":"Hidraulica Rehins","url":"https:\/\/rehins.com\/","logo":{"@type":"ImageObject","inLanguage":"ca","@id":"https:\/\/rehins.com\/#\/schema\/logo\/image\/","url":"https:\/\/rehins.com\/wp-content\/uploads\/2023\/03\/cropped-Frame-6.png","contentUrl":"https:\/\/rehins.com\/wp-content\/uploads\/2023\/03\/cropped-Frame-6.png","width":341,"height":95,"caption":"Hidraulica Rehins"},"image":{"@id":"https:\/\/rehins.com\/#\/schema\/logo\/image\/"}}]}},"_links":{"self":[{"href":"https:\/\/rehins.com\/ca\/wp-json\/wp\/v2\/pages\/1041","targetHints":{"allow":["GET"]}}],"collection":[{"href":"https:\/\/rehins.com\/ca\/wp-json\/wp\/v2\/pages"}],"about":[{"href":"https:\/\/rehins.com\/ca\/wp-json\/wp\/v2\/types\/page"}],"author":[{"embeddable":true,"href":"https:\/\/rehins.com\/ca\/wp-json\/wp\/v2\/users\/2"}],"replies":[{"embeddable":true,"href":"https:\/\/rehins.com\/ca\/wp-json\/wp\/v2\/comments?post=1041"}],"version-history":[{"count":5,"href":"https:\/\/rehins.com\/ca\/wp-json\/wp\/v2\/pages\/1041\/revisions"}],"predecessor-version":[{"id":2140,"href":"https:\/\/rehins.com\/ca\/wp-json\/wp\/v2\/pages\/1041\/revisions\/2140"}],"wp:attachment":[{"href":"https:\/\/rehins.com\/ca\/wp-json\/wp\/v2\/media?parent=1041"}],"curies":[{"name":"wp","href":"https:\/\/api.w.org\/{rel}","templated":true}]}}