{"id":1043,"date":"2023-03-17T10:03:41","date_gmt":"2023-03-17T10:03:41","guid":{"rendered":"https:\/\/rehins.com\/?page_id=1043"},"modified":"2023-07-20T09:15:04","modified_gmt":"2023-07-20T09:15:04","slug":"condicions-generals-de-venta","status":"publish","type":"page","link":"https:\/\/rehins.com\/ca\/condicions-generals-de-venta\/","title":{"rendered":"Condicions Generals de Venta"},"content":{"rendered":"\n<p><strong>Condiciones generales<\/strong><\/p>\n\n\n\n<p>-Este presupuesto es v\u00e1lido durante 1 mes. Transporte no incluido.<\/p>\n\n\n\n<p>-El plazo de entrega est\u00e1 sujeto a confirmaci\u00f3n en el momento de la recepci\u00f3n del pedido.<\/p>\n\n\n\n<p>&#8211; La aceptaci\u00f3n de este presupuesto o realizaci\u00f3n del pedido implica el conocimiento previo y la aceptaci\u00f3n expresa de nuestras condiciones generales de venta,<\/p>\n\n\n\n<p><strong>Condiciones generales de venta<\/strong><\/p>\n\n\n\n<p>El presente conjunto de Condiciones Generales de Venta de Hidr\u00e1ulica Rehins es aplicable a todas las entregas y todas las prestaciones.<\/p>\n\n\n\n<p>ARTICULO 1. GENERALIDADES<\/p>\n\n\n\n<p>ARTICULO 2. OFERTAS Y PEDIDOS<\/p>\n\n\n\n<p>ARTICULO 3. ESTUDIOS, PLANOS Y DISE\u00d1OS<\/p>\n\n\n\n<p>ARTICULO 4. TRABAJOS IN SITU<\/p>\n\n\n\n<p>ARTICULO 5. DERECHO DE PROPIEDAD<\/p>\n\n\n\n<p>ARTICULO 6. PLAZOS DE ENTREGA<\/p>\n\n\n\n<p>ARTICULO 7. GARANT\u00cdA<\/p>\n\n\n\n<p>ARTICULO 8. DEVOLUCI\u00d3N DE MATERIAL<\/p>\n\n\n\n<p>ARTICULO 9. PORTES<\/p>\n\n\n\n<p>ARTICULO 10. COBROS<\/p>\n\n\n\n<p>ARTICULO 11. USO DE SOFTWARE<\/p>\n\n\n\n<p>ARTICULO 12. JURISDICCI\u00d3N<\/p>\n\n\n\n<p>ARTICULO 1. GENERALIDADES<\/p>\n\n\n\n<p>1.1. Estas condiciones as\u00ed como las eventuales condiciones especiales acordadas en el contrato origen para todas las entregas y todas las prestaciones. Las condiciones de compra del cliente que sean distintas a las aqu\u00ed establecidas no llegar\u00e1n a formar parte del contrato al aceptar el pedido. En ning\u00fan caso, las Condiciones Generales y\/o Espec\u00edficas de Compra del Comprador, anular\u00e1n o sustituir\u00e1n estas Condiciones Generales de Venta. Los contratos se celebran, salvo en el caso de que se haya acordado lo contrario, mediante confirmaci\u00f3n escrita del proveedor.<\/p>\n\n\n\n<p>1.2. La aceptaci\u00f3n de nuestras ofertas implica t\u00e1citamente la de todas las condiciones aqu\u00ed detalladas, salvo las especiales acordadas por escrito, particularmente en la misma Oferta o por carta o detalladas en nuestro acuse de recepci\u00f3n de pedido, \u00fanicos documentos que nos obligan ante el Cliente.<\/p>\n\n\n\n<p>1.3. Hidr\u00e1ulica Rehins, se reserva el derecho de propiedad y el derecho de propiedad intelectual de muestras, presupuestos, planos e informaci\u00f3n en forma material o inmaterial as\u00ed como en forma electr\u00f3nica; el acceso de terceros a \u00e9stos ha de impedirse.<\/p>\n\n\n\n<p><strong>ARTICULO 2. OFERTAS Y PEDIDOS<\/strong><\/p>\n\n\n\n<p>2.1 Los precios se entienden, caso de no expresar lo contrario para mercader\u00eda situada en nuestro almac\u00e9n, incluyendo la carga de \u00e9sta, pero sin incluir el embalaje ni el transporte al lugar de recepci\u00f3n, ni impuestos (que ser\u00e1n siempre a cargo del comprador), as\u00ed como tampoco la puesta en marcha en el emplazamiento. Todas las operaciones de transporte, seguro, manutenci\u00f3n y entrega son a cuenta y riesgo del Comprador.<\/p>\n\n\n\n<p>2.2. Los estudios u ofertas de material est\u00e1n basados en los precios vigentes en la fecha de su realizaci\u00f3n y si, debido a alteraciones en el coste de los materiales, modificaci\u00f3n de aranceles o a cualquier otra causa, el nivel de precios fuese revisado, los precios que se aplicar\u00edan ser\u00edan aquellos que rijan en la fecha del suministro, a menos que la oferta sea aceptada dentro del plazo de validez que en la misma se fije.<\/p>\n\n\n\n<p>2.3. Los precios no incluyen, excepto notificaci\u00f3n expresa, el montaje y la puesta en marcha de los materiales suministrados, los fluidos recomendados por los servicios t\u00e9cnicos de los fabricantes, los contenedores tanto r\u00edgidos como el\u00e1sticos de los materiales, as\u00ed como el estudio de implantaci\u00f3n de los distintos materiales.<\/p>\n\n\n\n<p>2.4. Hidr\u00e1ulica Rehins podr\u00e1 variar el precio, como consecuencia de cualquier ley que afecte a materiales, salarios o a las horas de trabajo y tambi\u00e9n a posible cambios en la paridad de la moneda, en elementos de importaci\u00f3n.<\/p>\n\n\n\n<p>2.5. Los pedidos no ser\u00e1n tomados en consideraci\u00f3n a menos que vengan acompa\u00f1ados de la cantidad a cuenta prevista en nuestra Oferta, si as\u00ed se ha establecido.<\/p>\n\n\n\n<p>2.6. La aceptaci\u00f3n de la Oferta supondr\u00e1 igualmente la aceptaci\u00f3n sin reservas de estas Condiciones Generales de Venta.<\/p>\n\n\n\n<p><strong>ARTICULO 3. ESTUDIOS, PLANOS Y DISE\u00d1OS<\/strong><\/p>\n\n\n\n<p>3.1. La informaci\u00f3n relacionada con la oferta, tal como planos, dise\u00f1os, dibujos cat\u00e1logos y\/u otra documentaci\u00f3n t\u00e9cnica, es solamente informativa y tienen como objeto dar una imagen general de los materiales en ellos descritos, no formando parte del contrato a menos que haya habido alg\u00fan acuerdo por escrito. Hidr\u00e1ulica Rehins no aceptar\u00e1 ning\u00fan tipo de responsabilidad por la inexactitud, error tipogr\u00e1fico u omisi\u00f3n de dicha documentaci\u00f3n.<\/p>\n\n\n\n<p>3.2. El Cliente deber\u00e1 hacer siempre un estudio previo de compatibilidad y de montaje de los elementos en su instalaci\u00f3n y ser\u00e1 el \u00fanico responsable de la puesta en conformidad de dicha instalaci\u00f3n con las distintas reglamentaciones vigentes.<\/p>\n\n\n\n<p>3.3. En presupuestos, planos, esquemas y otras informaciones t\u00e9cnicas, mantendremos reservado el derecho de propiedad y de realizaci\u00f3n, no permitiendo que \u00e9stos sean facilitados o vendidos a terceros sin nuestro previo consentimiento escrito.<\/p>\n\n\n\n<p><strong>ARTICULO 4. TRABAJOS IN SITU<\/strong><\/p>\n\n\n\n<p>4.1 Los presupuestos de los trabajos realizados en el lugar de la obra del cliente son considerados orientativos, debido a las caracter\u00edsticas particulares y especiales que pueden representar, no pudiendo dar lugar, excepto acuerdo definitivo entre las partes, en precios definitives.<\/p>\n\n\n\n<p><strong>ARTICULO 5. DERECHO DE PROPIEDAD<\/strong><\/p>\n\n\n\n<p>5.1. Hidr\u00e1ulica Rehins mantiene la propiedad de la mercanc\u00eda hasta que el comprador realice el pago por completo de la misma.<\/p>\n\n\n\n<p>5.2 Ser\u00e1 responsabilidad del comprador tomar las medidas necesarias para conservar en buen estado la mercanc\u00eda hasta que haya sido pagada, debiendo asegurarse a Hidr\u00e1ulica Rehins el cobro de la misma en caso de haber sido vendida a terceras personas por el comprador.<\/p>\n\n\n\n<p><strong>ARTICULO 6. REPARACI\u00d3N<\/strong><\/p>\n\n\n\n<p>6.1. Los trabajos de reparaci\u00f3n no se empezar\u00e1n hasta la aceptaci\u00f3n escrita, por parte del Cliente, del presupuesto y de las condiciones que se establezcan.<\/p>\n\n\n\n<p>6.2. En el supuesto de que el presupuesto no sea aceptado por el Cliente en el plazo de un mes, los gastos derivados del desmontaje, almacenaje, peritaje y portes correr\u00e1n a cargo del Cliente. Si el Cliente solicita la reparaci\u00f3n antes de aceptar el presupuesto, los trabajos se llevar\u00e1n a cabo lo antes posible y, por su parte, el Cliente deber\u00e1 aceptar el coste final de la reparaci\u00f3n.<\/p>\n\n\n\n<p>6.3. En caso de entregarse productos nuevos a cambio de la reparaci\u00f3n, si esta estuviera fuera de garant\u00eda el Cliente deber\u00e1 aceptar el cargo correspondiente a la misma.<\/p>\n\n\n\n<p>6.4. Los presupuestos de reparaci\u00f3n siempre son orientativos y en ning\u00fan caso deben tomarse como precios finales.<\/p>\n\n\n\n<p><strong>ART\u00cdCULO 7. PLAZOS DE ENTREGA<\/strong><\/p>\n\n\n\n<p>7.1 El plazo de entrega ser\u00e1 acordado por las partes contractuales. Los plazos de entrega se calcular\u00e1n desde la fecha de recepci\u00f3n de la confirmaci\u00f3n del pedido, pudiendo Hidr\u00e1ulica Rehins proceder sin interrupci\u00f3n alguna.<\/p>\n\n\n\n<p>7.2. Hidr\u00e1ulica Rehins no ser\u00e1 responsable de las demoras en el suministro de toda o parte de la mercanc\u00eda en el caso de fuerza mayor, tal como cat\u00e1strofes naturales, limitaciones legales, huelgas, etc., o cualquier otra causa fuera de nuestro control. En el caso de darse alguna de las razones anteriormente citadas, el periodo de entrega se har\u00e1 extensible al mismo per\u00edodo de tiempo que dure la causa que haya motivado el retraso. Sin embargo, si el per\u00edodo excediera de seis meses, Hidr\u00e1ulica Rehins podr\u00e1 cancelar la parte no enviada notificando previamente por escrito al comprador.<\/p>\n\n\n\n<p>7.3. Hidr\u00e1ulica Rehins se reserva la facultad de rechazar un pedido en funci\u00f3n de la disponibilidad de los productos. En este supuesto, lo comunicara al comprador con la mayor brevedad posible.<\/p>\n\n\n\n<p>7.4. Procuramos con el mayor inter\u00e9s, cumplir los plazos de entrega que se indican en nuestras ofertas o en nuestras confirmaciones de pedido, si bien es materialmente imposible responder plenamente de dicho cumplimiento, por depender de otros proveedores y de inesperadas circunstancias totalmente ajenas a nuestro posible control. De ah\u00ed que no se aceptar\u00e1n sanciones por demora en la entrega prevista.<\/p>\n\n\n\n<p>7.5. Si se tuviera conocimiento de una situaci\u00f3n financiera desfavorable del cliente o falta de cumplimiento de sus compromisos de pago, Hidr\u00e1ulica Rehins podr\u00e1 cambiar las condiciones financieras del pedido\/contrato incluso rescindir total o parcialmente el suministro aun en el supuesto de que existiese una confirmaci\u00f3n de entrega.<\/p>\n\n\n\n<p><strong>ART\u00cdCULO 8.- GARANT\u00cdA<\/strong><\/p>\n\n\n\n<p>8.1 Hidr\u00e1ulica Rehins garantiza exclusivamente sus materiales por un periodo de 12 meses desde la salida de f\u00e1brica o, en su caso, a partir de la comunicaci\u00f3n al cliente de su libre disposici\u00f3n de recogida en nuestras instalaciones. Se excluye cualquier da\u00f1o directo, incidental, especial o consecuencial que sufra la compradora o cualquier tercero, cualquier p\u00e9rdida de ingreso, de beneficio o de imagen, causados por cualquier supuesto, ya sea de naturaliza contractual o extracontractual, por raz\u00f3n de incumplimientos fundamentales o negligencia, incluso si Hidraoil ha sido advertida de la posibilidad o probabilidad de dichos da\u00f1os excluyendo cualquier responsabilidad por los efectos o perjuicios que \u00e9stos puedan provocar en instalaciones, maquinarias o circuitos. En ning\u00fan caso se responsabilizara de los accidentes personales o materiales y p\u00e9rdidas de producci\u00f3n.<\/p>\n\n\n\n<p>8.2 La garant\u00eda comprende la reposici\u00f3n o reparaci\u00f3n de los elementos defectuosos a realizar en nuestros talleres. Se entender\u00e1 siempre con el material presumiblemente defectuoso depositado en nuestros almacenes, con los gastos de transporte y riesgo a cargo del comprador. Si el cliente desea que la reparaci\u00f3n se realice en la planta o lugar donde se hallen instalados los equipos, ser\u00e1n de su cuenta los gastos originados, seg\u00fan tarifas vigentes de prestaci\u00f3n de personal aprobados por AEFTOP.<\/p>\n\n\n\n<p>8.3 En relaci\u00f3n con los defectos que aparezcan en los productos suministrados, Hidr\u00e1ulica Rehins aceptar\u00e1 como \u00fanica responsabilidad u obligaci\u00f3n, reemplazar o reparar libre de cargo la pieza o piezas defectuosas siempre que la mercanc\u00eda haya sido tratada adecuadamente y que los defectos surgidos sean debidos a defectos de material o fabricaci\u00f3n. Se excluye de la garant\u00eda las aver\u00edas producidas por mal uso o deficiente instalaci\u00f3n, aver\u00edas provocadas por sometimiento de los equipos a esfuerzos anormales con fines experimentales, de ajuste o prueba. La total responsabilidad de Hidr\u00e1ulica Rehins por los da\u00f1os causados, independientemente del tipo de acci\u00f3n o teor\u00eda de la responsabilidad, no exceder\u00e1 del importe de la obra, instalaci\u00f3n o materiales que haya sido objeto de pedido a Hidr\u00e1ulica Rehins. Cualquier importe que supere dicha cantidad y que Hidr\u00e1ulica Rehins se vea obligada a soportar ya sea por decisi\u00f3n judicial, arbitral o similar, ser\u00e1 repetida a la compradora hasta lograr indemnidad.<\/p>\n\n\n\n<p>8.4 Los consejos y asesoramiento dados antes y pos cierre del contrato, se realizan con la mejor intenci\u00f3n y seg\u00fan sus m\u00e1ximos conocimientos, no obstante Hidr\u00e1ulica Rehins no asume ninguna clase de responsabilidades a este respecto, ni responder\u00e1 de los eventuales da\u00f1os directos o indirectos que indistintamente, por qui\u00e9n, d\u00f3nde y por qu\u00e9 puedan producirse.<\/p>\n\n\n\n<p>8.5 Se hallan excluidos de esta garant\u00eda: 8.5.1. El uso de instalaciones o servicios, que se aparten de los manuales de instrucci\u00f3n o especificaciones de Hidr\u00e1ulica Rehins.<\/p>\n\n\n\n<p>8.5.2. El uso inadecuado de instalaciones o negligencia del Comprador, sus Ayudantes o Agentes. 8.5.3. Las partes suministradas por el Comprador.<\/p>\n\n\n\n<p><strong>ARTICULO 9. \u2013 DEVOLUCI\u00d3N DE MATERIAL<\/strong><\/p>\n\n\n\n<p>9.1 No se responder\u00e1 de ninguna reclamaci\u00f3n que no sea efectuada dentro de los 15 d\u00edas siguientes a la entrega de la mercanc\u00eda, ni se aceptar\u00e1n devoluciones sin autorizaci\u00f3n escrita previa por parte de Hidr\u00e1ulica Rehins o pasados 15 d\u00edas desde la entrega de la mercanc\u00eda. En cualquier caso, toda devoluci\u00f3n deber\u00e1 ir acompa\u00f1ada de copia de nuestro albar\u00e1n o factura y conllevar\u00e1 un recargo m\u00ednimo del 25% sobre el coste del material devuelto corriendo todos los riesgos y gastos del transporte a cargo del cliente.<\/p>\n\n\n\n<p>9.2. En ning\u00fan caso se admitir\u00e1n devoluciones de fabricaciones especiales, ni de art\u00edculos mecanizados ni de productos no est\u00e1ndar que no formen parte del stock habitual de Hidr\u00e1ulica Rehins.<\/p>\n\n\n\n<p><strong>ARTICULO 10. \u2013 PORTES<\/strong><\/p>\n\n\n\n<p>10.1. Las condiciones de venta de Hidr\u00e1ulica Rehins son EX WORKS (EXW INCOTERM 2011). Por tanto, aunque las mercanc\u00edas viajen a portes pagados o a portes cargados en factura, las mercanc\u00edas siempre viajan por cuenta y riesgo del cliente. Por lo que queda transferido al cliente cualquier riesgo de da\u00f1o, p\u00e9rdida o retraso desde el punto de salida.<\/p>\n\n\n\n<p>10.2. Seg\u00fan se establece en el art\u00edculo 18 del Real Decreto 782\/1998 para los envases y embalajes acogidos a la Disposici\u00f3n adicional 1\u00aa de la Ley 11\/1997, el responsable de la entrega de los residuos de los embalajes y envases usados, para su correcta gesti\u00f3n ambiental, ser\u00e1 el usuario final.<\/p>\n\n\n\n<p>10.3. En env\u00edos de emergencia, sea cual fuere el medio de transporte utilizado: avi\u00f3n, courier, r\u00e9gimen de equipajes, agencias especiales, mensajeros, etc., independientemente del importe de dicho servicio, el comprador correr\u00e1 con todos los gastos extra, los de acarreos, desplazamientos y de comunicaciones que el servicio haya ocasionado, sin que en ning\u00fan caso este valor pueda ser inferior a 60 Euros.<\/p>\n\n\n\n<p><strong>ARTICULO 11. \u2013 COBROS<\/strong><\/p>\n\n\n\n<p>11.1. Los cobros se realizar\u00e1n conforme a ley 15\/2010 de 5 de Julio que regula las operaciones comerciales desde la fecha de la factura y previa recepci\u00f3n de los informes positivos de cr\u00e9dito. Si el comprador no efectuara el pago de cualquiera de los suministros a su vencimiento, Hidr\u00e1ulica Rehins est\u00e1 autorizado a suspender los env\u00edos o reparaciones posteriores hasta que se realice dicho pago.<\/p>\n\n\n\n<p>11.2. Cualquier cargo bancario asociado con el cobro de la mercanc\u00eda, as\u00ed como los gastos de devoluci\u00f3n de efectos en caso de impago, ser\u00e1n por cuenta del comprador.<\/p>\n\n\n\n<p>11.3. En caso de demora en el cobro y sin perjuicio de otros derechos atribuidos al comprador por la legislaci\u00f3n en vigor, el comprador abonar\u00e1 a Hidr\u00e1ulica Rehins un inter\u00e9s de demora del 8% mensual desde la fecha de vencimiento de la factura.<\/p>\n\n\n\n<p><strong>ARTICULO 12. \u2013 USO DE SOFTWARE<\/strong><\/p>\n\n\n\n<p>12.1. En la medida en que el volumen de entrega incluye la puesta a disposici\u00f3n de software, el cliente tiene el derecho no exclusivo a usarla incluyendo la documentaci\u00f3n adjunta. Se le cede el software para el uso en el objeto de entrega al cual va destinado. No se admite el uso de este software en otro sistema. La modificaci\u00f3n, traducci\u00f3n o adaptaci\u00f3n de c\u00f3digo de objeto a c\u00f3digo de origen as\u00ed como la reproducci\u00f3n de software solamente se admite en la medida legalmente establecida. El cliente se compromete a no retirar las indicaciones del fabricante, especialmente indicaciones del copyright sin el consentimiento previo de Hidr\u00e1ulica Rehins.<\/p>\n\n\n\n<p>12.2. Todos los dem\u00e1s derechos sobre el software y la documentaci\u00f3n incluyendo las copias, corresponden a Hidr\u00e1ulica Rehins o al proveedor del software. No se admite la concesi\u00f3n de sublicencias.<\/p>\n\n\n\n<p><strong>ARTICULO 13. \u2013 JURISDICCI\u00d3N<\/strong><\/p>\n\n\n\n<p>13.1. Las relaciones jur\u00eddicas entre Hidr\u00e1ulica Rehins y el comprador est\u00e1n sujetas al derecho espa\u00f1ol. El tribunal competente ser\u00e1 el del domicilio de Hidr\u00e1ulica Rehins. Sin embargo, Hidr\u00e1ulica Rehins podr\u00e1 optar por interponer las acciones legales correspondientes en el domicilio del comprador.<\/p>\n","protected":false},"excerpt":{"rendered":"<p>Condiciones generales -Este presupuesto es v\u00e1lido durante 1 mes. Transporte no incluido. -El plazo de entrega est\u00e1 sujeto a confirmaci\u00f3n en el momento de la recepci\u00f3n del pedido. &#8211; La aceptaci\u00f3n de este presupuesto o realizaci\u00f3n del pedido implica el conocimiento previo y la aceptaci\u00f3n expresa de nuestras condiciones generales de venta, Condiciones generales de [&hellip;]<\/p>\n","protected":false},"author":2,"featured_media":0,"parent":0,"menu_order":11,"comment_status":"closed","ping_status":"closed","template":"","meta":{"_acf_changed":false,"footnotes":""},"class_list":["post-1043","page","type-page","status-publish","hentry"],"acf":[],"yoast_head":"<!-- This site is optimized with the Yoast SEO plugin v26.8 - https:\/\/yoast.com\/product\/yoast-seo-wordpress\/ -->\n<title>Condicions Generals de Venta - Hidraulica Rehins<\/title>\n<meta name=\"robots\" content=\"index, follow, max-snippet:-1, max-image-preview:large, max-video-preview:-1\" \/>\n<link rel=\"canonical\" href=\"https:\/\/rehins.com\/nota-legal\/\" \/>\n<meta property=\"og:locale\" content=\"ca_ES\" \/>\n<meta property=\"og:type\" content=\"article\" \/>\n<meta property=\"og:title\" content=\"Condicions Generals de Venta - Hidraulica Rehins\" \/>\n<meta property=\"og:description\" content=\"Condiciones generales -Este presupuesto es v\u00e1lido durante 1 mes. Transporte no incluido. -El plazo de entrega est\u00e1 sujeto a confirmaci\u00f3n en el momento de la recepci\u00f3n del pedido. &#8211; La aceptaci\u00f3n de este presupuesto o realizaci\u00f3n del pedido implica el conocimiento previo y la aceptaci\u00f3n expresa de nuestras condiciones generales de venta, Condiciones generales de [&hellip;]\" \/>\n<meta property=\"og:url\" content=\"https:\/\/rehins.com\/nota-legal\/\" \/>\n<meta property=\"og:site_name\" content=\"Hidraulica Rehins\" \/>\n<meta property=\"article:modified_time\" content=\"2023-07-20T09:15:04+00:00\" \/>\n<meta name=\"twitter:card\" content=\"summary_large_image\" \/>\n<meta name=\"twitter:label1\" content=\"Temps estimat de lectura\" \/>\n\t<meta name=\"twitter:data1\" content=\"12 minuts\" \/>\n<!-- \/ Yoast SEO plugin. -->","yoast_head_json":{"title":"Condicions Generals de Venta - Hidraulica Rehins","robots":{"index":"index","follow":"follow","max-snippet":"max-snippet:-1","max-image-preview":"max-image-preview:large","max-video-preview":"max-video-preview:-1"},"canonical":"https:\/\/rehins.com\/nota-legal\/","og_locale":"ca_ES","og_type":"article","og_title":"Condicions Generals de Venta - Hidraulica Rehins","og_description":"Condiciones generales -Este presupuesto es v\u00e1lido durante 1 mes. Transporte no incluido. -El plazo de entrega est\u00e1 sujeto a confirmaci\u00f3n en el momento de la recepci\u00f3n del pedido. &#8211; La aceptaci\u00f3n de este presupuesto o realizaci\u00f3n del pedido implica el conocimiento previo y la aceptaci\u00f3n expresa de nuestras condiciones generales de venta, Condiciones generales de [&hellip;]","og_url":"https:\/\/rehins.com\/nota-legal\/","og_site_name":"Hidraulica Rehins","article_modified_time":"2023-07-20T09:15:04+00:00","twitter_card":"summary_large_image","twitter_misc":{"Temps estimat de lectura":"12 minuts"},"schema":{"@context":"https:\/\/schema.org","@graph":[{"@type":"WebPage","@id":"https:\/\/rehins.com\/nota-legal\/","url":"https:\/\/rehins.com\/nota-legal\/","name":"Condicions Generals de Venta - Hidraulica Rehins","isPartOf":{"@id":"https:\/\/rehins.com\/#website"},"datePublished":"2023-03-17T10:03:41+00:00","dateModified":"2023-07-20T09:15:04+00:00","breadcrumb":{"@id":"https:\/\/rehins.com\/nota-legal\/#breadcrumb"},"inLanguage":"ca","potentialAction":[{"@type":"ReadAction","target":["https:\/\/rehins.com\/nota-legal\/"]}]},{"@type":"BreadcrumbList","@id":"https:\/\/rehins.com\/nota-legal\/#breadcrumb","itemListElement":[{"@type":"ListItem","position":1,"name":"Portada","item":"https:\/\/rehins.com\/"},{"@type":"ListItem","position":2,"name":"Condicions Generals de Venta"}]},{"@type":"WebSite","@id":"https:\/\/rehins.com\/#website","url":"https:\/\/rehins.com\/","name":"Hidraulica Rehins","description":"","publisher":{"@id":"https:\/\/rehins.com\/#organization"},"potentialAction":[{"@type":"SearchAction","target":{"@type":"EntryPoint","urlTemplate":"https:\/\/rehins.com\/?s={search_term_string}"},"query-input":{"@type":"PropertyValueSpecification","valueRequired":true,"valueName":"search_term_string"}}],"inLanguage":"ca"},{"@type":"Organization","@id":"https:\/\/rehins.com\/#organization","name":"Hidraulica Rehins","url":"https:\/\/rehins.com\/","logo":{"@type":"ImageObject","inLanguage":"ca","@id":"https:\/\/rehins.com\/#\/schema\/logo\/image\/","url":"https:\/\/rehins.com\/wp-content\/uploads\/2023\/03\/cropped-Frame-6.png","contentUrl":"https:\/\/rehins.com\/wp-content\/uploads\/2023\/03\/cropped-Frame-6.png","width":341,"height":95,"caption":"Hidraulica Rehins"},"image":{"@id":"https:\/\/rehins.com\/#\/schema\/logo\/image\/"}}]}},"_links":{"self":[{"href":"https:\/\/rehins.com\/ca\/wp-json\/wp\/v2\/pages\/1043","targetHints":{"allow":["GET"]}}],"collection":[{"href":"https:\/\/rehins.com\/ca\/wp-json\/wp\/v2\/pages"}],"about":[{"href":"https:\/\/rehins.com\/ca\/wp-json\/wp\/v2\/types\/page"}],"author":[{"embeddable":true,"href":"https:\/\/rehins.com\/ca\/wp-json\/wp\/v2\/users\/2"}],"replies":[{"embeddable":true,"href":"https:\/\/rehins.com\/ca\/wp-json\/wp\/v2\/comments?post=1043"}],"version-history":[{"count":3,"href":"https:\/\/rehins.com\/ca\/wp-json\/wp\/v2\/pages\/1043\/revisions"}],"predecessor-version":[{"id":2132,"href":"https:\/\/rehins.com\/ca\/wp-json\/wp\/v2\/pages\/1043\/revisions\/2132"}],"wp:attachment":[{"href":"https:\/\/rehins.com\/ca\/wp-json\/wp\/v2\/media?parent=1043"}],"curies":[{"name":"wp","href":"https:\/\/api.w.org\/{rel}","templated":true}]}}