{"id":1124,"date":"2023-03-17T10:04:00","date_gmt":"2023-03-17T10:04:00","guid":{"rendered":"https:\/\/rehins.com\/politica-de-cookies\/"},"modified":"2023-07-20T09:16:17","modified_gmt":"2023-07-20T09:16:17","slug":"politica-de-cookies","status":"publish","type":"page","link":"https:\/\/rehins.com\/ca\/politica-de-cookies\/","title":{"rendered":"Pol\u00edtica de cookies"},"content":{"rendered":"\n<p>Conforme a lo dispuesto en el art\u00edculo 22.2 de la Ley 34\/2002, de 11 de julio, de Servicios de la Sociedad de la Informaci\u00f3n y de Comercio Electr\u00f3nico (LSSI-CE) vigente, HIDRAULICA REHINS, SLU debe cumplir con la obligaci\u00f3n de informar sobre las cookies que utiliza y sus finalidades.<\/p>\n\n\n\n<p>Este sitio web utiliza cookies y\/o tecnolog\u00edas similares que almacenan y recuperan informaci\u00f3n cuando navegas. Las cookies permiten a una p\u00e1gina web, entre otras cosas, almacenar y recuperar informaci\u00f3n sobre los h\u00e1bitos de navegaci\u00f3n de un Usuario o de su equipo y, dependiendo de la informaci\u00f3n que contenga y de la forma en que utilice su equipo, pueden utilizarse para reconocer al Usuario.<\/p>\n\n\n\n<p>Las cookies son esenciales para el funcionamiento de internet, aportando innumerables ventajas en la prestaci\u00f3n de servicios interactivos, facilit\u00e1ndole al Usuario la navegaci\u00f3n y usabilidad de nuestra web.<\/p>\n\n\n\n<p>El usuario puede modificar la configuraci\u00f3n personalizada <strong>AQU\u00cd<\/strong>.<\/p>\n\n\n\n<p>La informaci\u00f3n que le proporcionamos a continuaci\u00f3n le ayudar\u00e1 a comprender los diferentes tipos de cookies:<\/p>\n\n\n\n<figure class=\"wp-block-image size-full is-resized\"><img fetchpriority=\"high\" decoding=\"async\" src=\"https:\/\/rehins.com\/wp-content\/uploads\/2023\/07\/image-6.png\" alt=\"\" class=\"wp-image-2109\" width=\"840\" height=\"76\" srcset=\"https:\/\/rehins.com\/wp-content\/uploads\/2023\/07\/image-6.png 939w, https:\/\/rehins.com\/wp-content\/uploads\/2023\/07\/image-6-300x27.png 300w, https:\/\/rehins.com\/wp-content\/uploads\/2023\/07\/image-6-768x70.png 768w\" sizes=\"(max-width: 840px) 100vw, 840px\" \/><\/figure>\n\n\n\n<figure class=\"wp-block-image size-full\"><img decoding=\"async\" width=\"938\" height=\"195\" src=\"https:\/\/rehins.com\/wp-content\/uploads\/2023\/07\/image-7.png\" alt=\"\" class=\"wp-image-2112\" srcset=\"https:\/\/rehins.com\/wp-content\/uploads\/2023\/07\/image-7.png 938w, https:\/\/rehins.com\/wp-content\/uploads\/2023\/07\/image-7-300x62.png 300w, https:\/\/rehins.com\/wp-content\/uploads\/2023\/07\/image-7-768x160.png 768w\" sizes=\"(max-width: 938px) 100vw, 938px\" \/><\/figure>\n\n\n\n<figure class=\"wp-block-image size-full\"><img decoding=\"async\" width=\"941\" height=\"288\" src=\"https:\/\/rehins.com\/wp-content\/uploads\/2023\/07\/image-8.png\" alt=\"\" class=\"wp-image-2115\" srcset=\"https:\/\/rehins.com\/wp-content\/uploads\/2023\/07\/image-8.png 941w, https:\/\/rehins.com\/wp-content\/uploads\/2023\/07\/image-8-300x92.png 300w, https:\/\/rehins.com\/wp-content\/uploads\/2023\/07\/image-8-768x235.png 768w\" sizes=\"(max-width: 941px) 100vw, 941px\" \/><\/figure>\n\n\n\n<figure class=\"wp-block-image size-full\"><img loading=\"lazy\" decoding=\"async\" width=\"939\" height=\"742\" src=\"https:\/\/rehins.com\/wp-content\/uploads\/2023\/07\/image-9.png\" alt=\"\" class=\"wp-image-2118\" srcset=\"https:\/\/rehins.com\/wp-content\/uploads\/2023\/07\/image-9.png 939w, https:\/\/rehins.com\/wp-content\/uploads\/2023\/07\/image-9-300x237.png 300w, https:\/\/rehins.com\/wp-content\/uploads\/2023\/07\/image-9-768x607.png 768w\" sizes=\"(max-width: 939px) 100vw, 939px\" \/><\/figure>\n\n\n\n<p>Adicionalmente, HIDRAULICA REHINS, SLU informa de manera m\u00e1s detallada de las cookies que utiliza sus titulares, el uso o finalidad concreta, los plazos de conservaci\u00f3n, as\u00ed como de las posibles Transferencias Internacionales de datos de cada una de ellas utilizadas en nuestra p\u00e1gina web.<\/p>\n\n\n\n<p>Puede informarse de las transferencias internacionales a terceros pa\u00edses que, en su caso, realizan los TERCEROS, identificados en esta pol\u00edtica de cookies, en sus correspondientes pol\u00edticas (hacer click encima del titular de la cookie).<\/p>\n\n\n\n<p>HIDRAULICA REHINS, SLU informa de manera m\u00e1s exhaustiva la informaci\u00f3n relativa a las transferencias internacionales derivadas de la utilizaci\u00f3n de cookies propias.<\/p>\n\n\n\n<p>T\u00e9ngase en cuenta que, si acepta las cookies de terceros, deber\u00e1 eliminarlas desde las opciones del navegador o desde el sistema ofrecido por el propio tercero.<\/p>\n\n\n\n<p>A continuaci\u00f3n, le proporcionamos los enlaces de diversos navegadores, a trav\u00e9s de los cuales podr\u00e1 modificar la configuraci\u00f3n de su navegador sobre el uso de cookies:<\/p>\n\n\n\n<p><strong>Firefox: <\/strong><a href=\"https:\/\/support.mozilla.org\/es\/kb\/cookies-informacion-que-los-sitios-web-guardan-en-\">https:\/\/support.mozilla.org\/es\/kb\/cookies-informacion-que-los-sitios-web-guardan-en-<\/a><\/p>\n\n\n\n<p><strong>Chrome<\/strong>: <a href=\"http:\/\/support.google.com\/chrome\/bin\/answer.py?hl=es&amp;answer=95647\">http:\/\/support.google.com\/chrome\/bin\/answer.py?hl=es&amp;answer=95647<\/a><\/p>\n\n\n\n<p><strong>Internet Explorer: <\/strong><a href=\"http:\/\/windows.microsoft.com\/es-es\/internet-explorer\/delete-manage-cookies#ie%3Die-10\">http:\/\/windows.microsoft.com\/es-es\/internet-explorer\/delete-manage-<\/a> <a href=\"http:\/\/windows.microsoft.com\/es-es\/internet-explorer\/delete-manage-cookies#ie%3Die-10\">cookies#ie=ie-10<\/a><\/p>\n\n\n\n<p><strong>Microsoft Edge: <\/strong><a href=\"https:\/\/support.microsoft.com\/es-es\/microsoft-edge\/eliminar-las-cookies-en-microsoft-edge-63947406-40ac-c3b8-57b9-2a946a29ae09\">https:\/\/support.microsoft.com\/es-es\/microsoft-edge\/eliminar-las-cookies-en-<\/a> <a href=\"https:\/\/support.microsoft.com\/es-es\/microsoft-edge\/eliminar-las-cookies-en-microsoft-edge-63947406-40ac-c3b8-57b9-2a946a29ae09\">microsoft-edge-63947406-40ac-c3b8-57b9-2a946a29ae09<\/a><\/p>\n\n\n\n<p><strong>Safari: <\/strong><a href=\"https:\/\/support.apple.com\/kb\/ph17191?locale=es_ES\">https:\/\/support.apple.com\/kb\/ph17191?locale=es_ES<\/a><\/p>\n\n\n\n<p><strong>Opera: <\/strong><a href=\"https:\/\/help.opera.com\/en\/latest\/web-preferences\/#cookies\">https:\/\/help.opera.com\/en\/latest\/web-preferences\/#cookies<\/a><\/p>\n\n\n\n<p>Para conocer m\u00e1s informaci\u00f3n sobre el tratamiento de datos personales, le recomendamos visitar nuestro apartado \u201c<em>Pol\u00edtica de Privacidad<\/em>\u201d.<\/p>\n\n\n\n<p><strong>\u00daltima actualizaci\u00f3n<\/strong>: 31 de mayo de 2023<\/p>\n","protected":false},"excerpt":{"rendered":"<p>Conforme a lo dispuesto en el art\u00edculo 22.2 de la Ley 34\/2002, de 11 de julio, de Servicios de la Sociedad de la Informaci\u00f3n y de Comercio Electr\u00f3nico (LSSI-CE) vigente, HIDRAULICA REHINS, SLU debe cumplir con la obligaci\u00f3n de informar sobre las cookies que utiliza y sus finalidades. Este sitio web utiliza cookies y\/o tecnolog\u00edas [&hellip;]<\/p>\n","protected":false},"author":2,"featured_media":0,"parent":0,"menu_order":12,"comment_status":"closed","ping_status":"closed","template":"","meta":{"_acf_changed":false,"footnotes":""},"class_list":["post-1124","page","type-page","status-publish","hentry"],"acf":[],"yoast_head":"<!-- This site is optimized with the Yoast SEO plugin v26.8 - https:\/\/yoast.com\/product\/yoast-seo-wordpress\/ -->\n<title>Pol\u00edtica de cookies - Hidraulica Rehins<\/title>\n<meta name=\"robots\" content=\"index, follow, max-snippet:-1, max-image-preview:large, max-video-preview:-1\" \/>\n<link rel=\"canonical\" href=\"https:\/\/rehins.com\/politica-de-cookies\/\" \/>\n<meta property=\"og:locale\" content=\"ca_ES\" \/>\n<meta property=\"og:type\" content=\"article\" \/>\n<meta property=\"og:title\" content=\"Pol\u00edtica de cookies - Hidraulica Rehins\" \/>\n<meta property=\"og:description\" content=\"Conforme a lo dispuesto en el art\u00edculo 22.2 de la Ley 34\/2002, de 11 de julio, de Servicios de la Sociedad de la Informaci\u00f3n y de Comercio Electr\u00f3nico (LSSI-CE) vigente, HIDRAULICA REHINS, SLU debe cumplir con la obligaci\u00f3n de informar sobre las cookies que utiliza y sus finalidades. Este sitio web utiliza cookies y\/o tecnolog\u00edas [&hellip;]\" \/>\n<meta property=\"og:url\" content=\"https:\/\/rehins.com\/politica-de-cookies\/\" \/>\n<meta property=\"og:site_name\" content=\"Hidraulica Rehins\" \/>\n<meta property=\"article:modified_time\" content=\"2023-07-20T09:16:17+00:00\" \/>\n<meta property=\"og:image\" content=\"https:\/\/rehins.com\/wp-content\/uploads\/2023\/07\/image-6.png\" \/>\n\t<meta property=\"og:image:width\" content=\"939\" \/>\n\t<meta property=\"og:image:height\" content=\"85\" \/>\n\t<meta property=\"og:image:type\" content=\"image\/png\" \/>\n<meta name=\"twitter:card\" content=\"summary_large_image\" \/>\n<meta name=\"twitter:label1\" content=\"Temps estimat de lectura\" \/>\n\t<meta name=\"twitter:data1\" content=\"2 minuts\" \/>\n<!-- \/ Yoast SEO plugin. -->","yoast_head_json":{"title":"Pol\u00edtica de cookies - Hidraulica Rehins","robots":{"index":"index","follow":"follow","max-snippet":"max-snippet:-1","max-image-preview":"max-image-preview:large","max-video-preview":"max-video-preview:-1"},"canonical":"https:\/\/rehins.com\/politica-de-cookies\/","og_locale":"ca_ES","og_type":"article","og_title":"Pol\u00edtica de cookies - Hidraulica Rehins","og_description":"Conforme a lo dispuesto en el art\u00edculo 22.2 de la Ley 34\/2002, de 11 de julio, de Servicios de la Sociedad de la Informaci\u00f3n y de Comercio Electr\u00f3nico (LSSI-CE) vigente, HIDRAULICA REHINS, SLU debe cumplir con la obligaci\u00f3n de informar sobre las cookies que utiliza y sus finalidades. Este sitio web utiliza cookies y\/o tecnolog\u00edas [&hellip;]","og_url":"https:\/\/rehins.com\/politica-de-cookies\/","og_site_name":"Hidraulica Rehins","article_modified_time":"2023-07-20T09:16:17+00:00","og_image":[{"width":939,"height":85,"url":"https:\/\/rehins.com\/wp-content\/uploads\/2023\/07\/image-6.png","type":"image\/png"}],"twitter_card":"summary_large_image","twitter_misc":{"Temps estimat de lectura":"2 minuts"},"schema":{"@context":"https:\/\/schema.org","@graph":[{"@type":"WebPage","@id":"https:\/\/rehins.com\/politica-de-cookies\/","url":"https:\/\/rehins.com\/politica-de-cookies\/","name":"Pol\u00edtica de cookies - Hidraulica Rehins","isPartOf":{"@id":"https:\/\/rehins.com\/#website"},"primaryImageOfPage":{"@id":"https:\/\/rehins.com\/politica-de-cookies\/#primaryimage"},"image":{"@id":"https:\/\/rehins.com\/politica-de-cookies\/#primaryimage"},"thumbnailUrl":"https:\/\/rehins.com\/wp-content\/uploads\/2023\/07\/image-6.png","datePublished":"2023-03-17T10:04:00+00:00","dateModified":"2023-07-20T09:16:17+00:00","breadcrumb":{"@id":"https:\/\/rehins.com\/politica-de-cookies\/#breadcrumb"},"inLanguage":"ca","potentialAction":[{"@type":"ReadAction","target":["https:\/\/rehins.com\/politica-de-cookies\/"]}]},{"@type":"ImageObject","inLanguage":"ca","@id":"https:\/\/rehins.com\/politica-de-cookies\/#primaryimage","url":"https:\/\/rehins.com\/wp-content\/uploads\/2023\/07\/image-6.png","contentUrl":"https:\/\/rehins.com\/wp-content\/uploads\/2023\/07\/image-6.png"},{"@type":"BreadcrumbList","@id":"https:\/\/rehins.com\/politica-de-cookies\/#breadcrumb","itemListElement":[{"@type":"ListItem","position":1,"name":"Portada","item":"https:\/\/rehins.com\/"},{"@type":"ListItem","position":2,"name":"Pol\u00edtica de cookies"}]},{"@type":"WebSite","@id":"https:\/\/rehins.com\/#website","url":"https:\/\/rehins.com\/","name":"Hidraulica Rehins","description":"","publisher":{"@id":"https:\/\/rehins.com\/#organization"},"potentialAction":[{"@type":"SearchAction","target":{"@type":"EntryPoint","urlTemplate":"https:\/\/rehins.com\/?s={search_term_string}"},"query-input":{"@type":"PropertyValueSpecification","valueRequired":true,"valueName":"search_term_string"}}],"inLanguage":"ca"},{"@type":"Organization","@id":"https:\/\/rehins.com\/#organization","name":"Hidraulica Rehins","url":"https:\/\/rehins.com\/","logo":{"@type":"ImageObject","inLanguage":"ca","@id":"https:\/\/rehins.com\/#\/schema\/logo\/image\/","url":"https:\/\/rehins.com\/wp-content\/uploads\/2023\/03\/cropped-Frame-6.png","contentUrl":"https:\/\/rehins.com\/wp-content\/uploads\/2023\/03\/cropped-Frame-6.png","width":341,"height":95,"caption":"Hidraulica Rehins"},"image":{"@id":"https:\/\/rehins.com\/#\/schema\/logo\/image\/"}}]}},"_links":{"self":[{"href":"https:\/\/rehins.com\/ca\/wp-json\/wp\/v2\/pages\/1124","targetHints":{"allow":["GET"]}}],"collection":[{"href":"https:\/\/rehins.com\/ca\/wp-json\/wp\/v2\/pages"}],"about":[{"href":"https:\/\/rehins.com\/ca\/wp-json\/wp\/v2\/types\/page"}],"author":[{"embeddable":true,"href":"https:\/\/rehins.com\/ca\/wp-json\/wp\/v2\/users\/2"}],"replies":[{"embeddable":true,"href":"https:\/\/rehins.com\/ca\/wp-json\/wp\/v2\/comments?post=1124"}],"version-history":[{"count":4,"href":"https:\/\/rehins.com\/ca\/wp-json\/wp\/v2\/pages\/1124\/revisions"}],"predecessor-version":[{"id":2141,"href":"https:\/\/rehins.com\/ca\/wp-json\/wp\/v2\/pages\/1124\/revisions\/2141"}],"wp:attachment":[{"href":"https:\/\/rehins.com\/ca\/wp-json\/wp\/v2\/media?parent=1124"}],"curies":[{"name":"wp","href":"https:\/\/api.w.org\/{rel}","templated":true}]}}