{"id":1776,"date":"2023-06-15T07:27:25","date_gmt":"2023-06-15T07:27:25","guid":{"rendered":"https:\/\/rehins.com\/mantenimiento-hidraulico\/"},"modified":"2025-10-20T13:47:54","modified_gmt":"2025-10-20T13:47:54","slug":"manteniment-hidraulic","status":"publish","type":"page","link":"https:\/\/rehins.com\/ca\/manteniment-hidraulic\/","title":{"rendered":"Manteniment Hidr\u00e0ulic"},"content":{"rendered":"\t\t<div data-elementor-type=\"wp-page\" data-elementor-id=\"1776\" class=\"elementor elementor-1776 elementor-1754\" data-elementor-post-type=\"page\">\n\t\t\t\t<div class=\"elementor-element elementor-element-ce7f257 e-con-full e-flex e-con e-parent\" data-id=\"ce7f257\" data-element_type=\"container\" data-settings=\"{&quot;background_background&quot;:&quot;classic&quot;}\">\n\t\t\t\t<div class=\"elementor-element elementor-element-d1ee691 elementor-widget elementor-widget-heading\" data-id=\"d1ee691\" data-element_type=\"widget\" data-widget_type=\"heading.default\">\n\t\t\t\t<div class=\"elementor-widget-container\">\n\t\t\t\t\t<h1 class=\"elementor-heading-title elementor-size-default\">Manteniment Hidr\u00e0ulic<\/h1>\t\t\t\t<\/div>\n\t\t\t\t<\/div>\n\t\t\t\t<div class=\"elementor-element elementor-element-76d46cd elementor-widget elementor-widget-text-editor\" data-id=\"76d46cd\" data-element_type=\"widget\" data-widget_type=\"text-editor.default\">\n\t\t\t\t<div class=\"elementor-widget-container\">\n\t\t\t\t\t\t\t\t\t<div class=\"traductor-textarea form-group\"><div class=\"textarea-desti col-xs-12 col-sm-6\"><div class=\"form-control second-textarea\">La seva maquin\u00e0ria treballant a ple rendiment<\/div><\/div><\/div>\t\t\t\t\t\t\t\t<\/div>\n\t\t\t\t<\/div>\n\t\t\t\t<\/div>\n\t\t<div class=\"elementor-element elementor-element-2936160 e-con-full e-flex e-con e-parent\" data-id=\"2936160\" data-element_type=\"container\" data-settings=\"{&quot;background_background&quot;:&quot;classic&quot;}\">\n\t\t\t\t<div class=\"elementor-element elementor-element-31da07a elementor-widget elementor-widget-heading\" data-id=\"31da07a\" data-element_type=\"widget\" data-widget_type=\"heading.default\">\n\t\t\t\t<div class=\"elementor-widget-container\">\n\t\t\t\t\t<h2 class=\"elementor-heading-title elementor-size-default\">\"Eviti que la seva maquin\u00e0ria decideixi per vost\u00e8\"\u200b<\/h2>\t\t\t\t<\/div>\n\t\t\t\t<\/div>\n\t\t\t\t<\/div>\n\t\t<div class=\"elementor-element elementor-element-ed7ffc6 e-con-full e-flex e-con e-parent\" data-id=\"ed7ffc6\" data-element_type=\"container\">\n\t\t<div class=\"elementor-element elementor-element-08bfc98 e-con-full e-flex e-con e-parent\" data-id=\"08bfc98\" data-element_type=\"container\">\n\t\t\t\t<div class=\"elementor-element elementor-element-bcfd3eb elementor-widget elementor-widget-heading\" data-id=\"bcfd3eb\" data-element_type=\"widget\" data-widget_type=\"heading.default\">\n\t\t\t\t<div class=\"elementor-widget-container\">\n\t\t\t\t\t<h2 class=\"elementor-heading-title elementor-size-default\">Manteniment hidr\u00e0ulic a Hidr\u00e1ulica Rehins<\/h2>\t\t\t\t<\/div>\n\t\t\t\t<\/div>\n\t\t\t\t<div class=\"elementor-element elementor-element-29046d3 elementor-widget elementor-widget-heading\" data-id=\"29046d3\" data-element_type=\"widget\" data-widget_type=\"heading.default\">\n\t\t\t\t<div class=\"elementor-widget-container\">\n\t\t\t\t\t<p class=\"elementor-heading-title elementor-size-default\">Per a qualsevol empresa o negoci, independentment del sector al qual pertanyi, \u00e9s fonamental poder mantenir els seus equips en ple funcionament i sense interrupcions en la seva productivitat. Aix\u00f2 es converteix en una q\u00fcesti\u00f3 de vital import\u00e0ncia, ja que d'aix\u00f2 dep\u00e8n la rendibilitat dels actius de l'empresa i la satisfacci\u00f3 dels seus clients.<\/p>\t\t\t\t<\/div>\n\t\t\t\t<\/div>\n\t\t\t\t<div class=\"elementor-element elementor-element-e71db2e elementor-widget elementor-widget-heading\" data-id=\"e71db2e\" data-element_type=\"widget\" data-widget_type=\"heading.default\">\n\t\t\t\t<div class=\"elementor-widget-container\">\n\t\t\t\t\t<p class=\"elementor-heading-title elementor-size-default\">En aquest sentit, el <strong>manteniment preventiu<\/strong> adquireix un paper central, ja que contribueix significativament a incrementar la utilitzaci\u00f3 dels equips. \u00c9s per aquesta ra\u00f3 que en Hidr\u00e0ulica Rehins ens comprometem a oferir plans de manteniment adaptats a les necessitats espec\u00edfiques de cada client.<\/p>\t\t\t\t<\/div>\n\t\t\t\t<\/div>\n\t\t\t\t<div class=\"elementor-element elementor-element-440af5e elementor-widget elementor-widget-heading\" data-id=\"440af5e\" data-element_type=\"widget\" data-widget_type=\"heading.default\">\n\t\t\t\t<div class=\"elementor-widget-container\">\n\t\t\t\t\t<h2 class=\"elementor-heading-title elementor-size-default\">Sempre operatius amb el nostre manteniment hidr\u00e0ulic<\/h2>\t\t\t\t<\/div>\n\t\t\t\t<\/div>\n\t\t\t\t<div class=\"elementor-element elementor-element-ed50d90 elementor-widget elementor-widget-heading\" data-id=\"ed50d90\" data-element_type=\"widget\" data-widget_type=\"heading.default\">\n\t\t\t\t<div class=\"elementor-widget-container\">\n\t\t\t\t\t<p class=\"elementor-heading-title elementor-size-default\">Els <strong>plans de manteniment<\/strong> de <a href=\"https:\/\/rehins.com\/ca\/\">Hidr\u00e0ulica Rehins<\/a> estan dissenyats per a garantir una cura exhaustiva dels equips, mitjan\u00e7ant inspeccions peri\u00f2diques, ajustos, neteja i lubricaci\u00f3, entre altres accions preventives adaptant-se a les necessitats espec\u00edfiques de cada client, considerant el tipus d'equips, el seu \u00fas intensiu o moderat, les condicions ambientals i altres factors rellevants. A m\u00e9s, els nostres t\u00e8cnics altament capacitats s'encarregaran d'identificar i solucionar qualsevol possible avaria o problema abans que es converteixi en una situaci\u00f3 costosa i perjudicial per a l'empresa.<\/p>\t\t\t\t<\/div>\n\t\t\t\t<\/div>\n\t\t<div class=\"elementor-element elementor-element-20b3539 e-con-full e-flex e-con e-parent\" data-id=\"20b3539\" data-element_type=\"container\" data-settings=\"{&quot;background_background&quot;:&quot;classic&quot;}\">\n\t\t<div class=\"elementor-element elementor-element-5cb7438 e-con-full e-flex e-con e-parent\" data-id=\"5cb7438\" data-element_type=\"container\" data-settings=\"{&quot;background_background&quot;:&quot;classic&quot;}\">\n\t\t\t\t<div class=\"elementor-element elementor-element-ae7815f elementor-widget elementor-widget-heading\" data-id=\"ae7815f\" data-element_type=\"widget\" data-widget_type=\"heading.default\">\n\t\t\t\t<div class=\"elementor-widget-container\">\n\t\t\t\t\t<h2 class=\"elementor-heading-title elementor-size-default\"><a href=\"https:\/\/rehins.customers.attendo.online\/qr-code\/read\/950s3IUpTKrS7AFOH3BySmVRWJ4qUQRNLAEcx5T1rEMAYKFlguNdwh6llOImHTyj\" target=\"_blank\">Si te una emerg\u00e8ncia<br> \ud83d\udc49 <a href=\"tel:93637794\">\u00a1CRIDI'NS!<\/a><\/a><\/h2>\t\t\t\t<\/div>\n\t\t\t\t<\/div>\n\t\t\t\t<\/div>\n\t\t<div class=\"elementor-element elementor-element-d382f4f e-con-full e-flex e-con e-parent\" data-id=\"d382f4f\" data-element_type=\"container\" data-settings=\"{&quot;background_background&quot;:&quot;classic&quot;}\">\n\t\t\t\t<div class=\"elementor-element elementor-element-5f1fb89 elementor-widget elementor-widget-heading\" data-id=\"5f1fb89\" data-element_type=\"widget\" data-widget_type=\"heading.default\">\n\t\t\t\t<div class=\"elementor-widget-container\">\n\t\t\t\t\t<h2 class=\"elementor-heading-title elementor-size-default\">Visita el nostre<br> \ud83d\udc49\u200a <a href=\"https:\/\/www.instagram.com\/hidraulica_rehins\/?hl=es\">Instagram<\/a><\/h2>\t\t\t\t<\/div>\n\t\t\t\t<\/div>\n\t\t\t\t<\/div>\n\t\t\t\t<\/div>\n\t\t\t\t<\/div>\n\t\t\t\t<\/div>\n\t\t<div class=\"elementor-element elementor-element-f6caeab e-con-full e-flex e-con e-parent\" data-id=\"f6caeab\" data-element_type=\"container\">\n\t\t<div class=\"elementor-element elementor-element-e87005d e-con-full e-flex e-con e-parent\" data-id=\"e87005d\" data-element_type=\"container\" data-settings=\"{&quot;background_background&quot;:&quot;classic&quot;}\">\n\t\t\t\t<\/div>\n\t\t<div class=\"elementor-element elementor-element-a57acb7 e-con-full e-flex e-con e-parent\" data-id=\"a57acb7\" data-element_type=\"container\" data-settings=\"{&quot;background_background&quot;:&quot;classic&quot;}\">\n\t\t\t\t<\/div>\n\t\t<div class=\"elementor-element elementor-element-fa72d76 e-con-full e-flex e-con e-parent\" data-id=\"fa72d76\" data-element_type=\"container\" data-settings=\"{&quot;background_background&quot;:&quot;classic&quot;}\">\n\t\t\t\t<\/div>\n\t\t\t\t<\/div>\n\t\t<div class=\"elementor-element elementor-element-45f4021 e-con-full e-flex e-con e-parent\" data-id=\"45f4021\" data-element_type=\"container\">\n\t\t\t\t<div class=\"elementor-element elementor-element-ca5d6c8 elementor-widget elementor-widget-heading\" data-id=\"ca5d6c8\" data-element_type=\"widget\" data-widget_type=\"heading.default\">\n\t\t\t\t<div class=\"elementor-widget-container\">\n\t\t\t\t\t<h2 class=\"elementor-heading-title elementor-size-default\">Beneficis que aportem\u200b<\/h2>\t\t\t\t<\/div>\n\t\t\t\t<\/div>\n\t\t<div class=\"elementor-element elementor-element-7774a5f e-con-full e-flex e-con e-parent\" data-id=\"7774a5f\" data-element_type=\"container\">\n\t\t<div class=\"elementor-element elementor-element-82403e7 e-con-full e-flex e-con e-parent\" data-id=\"82403e7\" data-element_type=\"container\" data-settings=\"{&quot;background_background&quot;:&quot;classic&quot;}\">\n\t\t\t\t<div class=\"elementor-element elementor-element-ba808e9 elementor-widget elementor-widget-image\" data-id=\"ba808e9\" data-element_type=\"widget\" data-widget_type=\"image.default\">\n\t\t\t\t<div class=\"elementor-widget-container\">\n\t\t\t\t\t\t\t\t\t\t\t\t\t\t\t<img decoding=\"async\" width=\"129\" height=\"129\" src=\"https:\/\/rehins.com\/wp-content\/uploads\/2023\/03\/Frame-2.png\" class=\"attachment-large size-large wp-image-596\" alt=\"icono web\" \/>\t\t\t\t\t\t\t\t\t\t\t\t\t\t\t<\/div>\n\t\t\t\t<\/div>\n\t\t\t\t<div class=\"elementor-element elementor-element-7efe908 elementor-widget elementor-widget-heading\" data-id=\"7efe908\" data-element_type=\"widget\" data-widget_type=\"heading.default\">\n\t\t\t\t<div class=\"elementor-widget-container\">\n\t\t\t\t\t<p class=\"elementor-heading-title elementor-size-default\">Les <strong>seves m\u00e0quines<\/strong> treballant a <strong>ple rendimient.<\/strong>\n\n<\/p>\t\t\t\t<\/div>\n\t\t\t\t<\/div>\n\t\t\t\t<\/div>\n\t\t<div class=\"elementor-element elementor-element-6338b14 e-con-full e-flex e-con e-parent\" data-id=\"6338b14\" data-element_type=\"container\" data-settings=\"{&quot;background_background&quot;:&quot;classic&quot;}\">\n\t\t\t\t<div class=\"elementor-element elementor-element-1fa4060 elementor-widget elementor-widget-image\" data-id=\"1fa4060\" data-element_type=\"widget\" data-widget_type=\"image.default\">\n\t\t\t\t<div class=\"elementor-widget-container\">\n\t\t\t\t\t\t\t\t\t\t\t\t\t\t\t<img decoding=\"async\" width=\"132\" height=\"132\" src=\"https:\/\/rehins.com\/wp-content\/uploads\/2023\/03\/Frame-1-1.png\" class=\"attachment-large size-large wp-image-606\" alt=\"icono web\" \/>\t\t\t\t\t\t\t\t\t\t\t\t\t\t\t<\/div>\n\t\t\t\t<\/div>\n\t\t\t\t<div class=\"elementor-element elementor-element-c1d1ad7 elementor-widget elementor-widget-heading\" data-id=\"c1d1ad7\" data-element_type=\"widget\" data-widget_type=\"heading.default\">\n\t\t\t\t<div class=\"elementor-widget-container\">\n\t\t\t\t\t<p class=\"elementor-heading-title elementor-size-default\">\nElevar <strong>l'efici\u00e8ncia dels seus Actius.<\/strong>\n<\/p>\t\t\t\t<\/div>\n\t\t\t\t<\/div>\n\t\t\t\t<\/div>\n\t\t<div class=\"elementor-element elementor-element-08f821a e-con-full e-flex e-con e-parent\" data-id=\"08f821a\" data-element_type=\"container\" data-settings=\"{&quot;background_background&quot;:&quot;classic&quot;}\">\n\t\t\t\t<div class=\"elementor-element elementor-element-0a7e3d8 elementor-widget elementor-widget-image\" data-id=\"0a7e3d8\" data-element_type=\"widget\" data-widget_type=\"image.default\">\n\t\t\t\t<div class=\"elementor-widget-container\">\n\t\t\t\t\t\t\t\t\t\t\t\t\t\t\t<img decoding=\"async\" width=\"132\" height=\"132\" src=\"https:\/\/rehins.com\/wp-content\/uploads\/2023\/03\/Frame-4.png\" class=\"attachment-large size-large wp-image-600\" alt=\"icono web\" \/>\t\t\t\t\t\t\t\t\t\t\t\t\t\t\t<\/div>\n\t\t\t\t<\/div>\n\t\t\t\t<div class=\"elementor-element elementor-element-244ef04 elementor-widget elementor-widget-heading\" data-id=\"244ef04\" data-element_type=\"widget\" data-widget_type=\"heading.default\">\n\t\t\t\t<div class=\"elementor-widget-container\">\n\t\t\t\t\t<p class=\"elementor-heading-title elementor-size-default\">Evitar llargues  <strong> parades per imprevistos.<\/strong>\n<\/p>\t\t\t\t<\/div>\n\t\t\t\t<\/div>\n\t\t\t\t<\/div>\n\t\t\t\t<\/div>\n\t\t<div class=\"elementor-element elementor-element-84ea88e e-con-full e-flex e-con e-parent\" data-id=\"84ea88e\" data-element_type=\"container\">\n\t\t<div class=\"elementor-element elementor-element-85b1463 e-con-full e-flex e-con e-parent\" data-id=\"85b1463\" data-element_type=\"container\" data-settings=\"{&quot;background_background&quot;:&quot;classic&quot;}\">\n\t\t\t\t<div class=\"elementor-element elementor-element-099ceee elementor-widget elementor-widget-image\" data-id=\"099ceee\" data-element_type=\"widget\" data-widget_type=\"image.default\">\n\t\t\t\t<div class=\"elementor-widget-container\">\n\t\t\t\t\t\t\t\t\t\t\t\t\t\t\t<img loading=\"lazy\" decoding=\"async\" width=\"231\" height=\"132\" src=\"https:\/\/rehins.com\/wp-content\/uploads\/2023\/03\/Frame-1.png\" class=\"attachment-large size-large wp-image-604\" alt=\"icono web\" \/>\t\t\t\t\t\t\t\t\t\t\t\t\t\t\t<\/div>\n\t\t\t\t<\/div>\n\t\t\t\t<div class=\"elementor-element elementor-element-8e22880 elementor-widget elementor-widget-heading\" data-id=\"8e22880\" data-element_type=\"widget\" data-widget_type=\"heading.default\">\n\t\t\t\t<div class=\"elementor-widget-container\">\n\t\t\t\t\t<p class=\"elementor-heading-title elementor-size-default\">Protegeix el<strong> servei als seus clientes.<\/strong><\/p>\t\t\t\t<\/div>\n\t\t\t\t<\/div>\n\t\t\t\t<\/div>\n\t\t<div class=\"elementor-element elementor-element-ed503d2 e-con-full e-flex e-con e-parent\" data-id=\"ed503d2\" data-element_type=\"container\" data-settings=\"{&quot;background_background&quot;:&quot;classic&quot;}\">\n\t\t\t\t<div class=\"elementor-element elementor-element-1879420 elementor-widget elementor-widget-image\" data-id=\"1879420\" data-element_type=\"widget\" data-widget_type=\"image.default\">\n\t\t\t\t<div class=\"elementor-widget-container\">\n\t\t\t\t\t\t\t\t\t\t\t\t\t\t\t<img loading=\"lazy\" decoding=\"async\" width=\"140\" height=\"140\" src=\"https:\/\/rehins.com\/wp-content\/uploads\/2023\/03\/Frame-3.png\" class=\"attachment-large size-large wp-image-598\" alt=\"icono web\" \/>\t\t\t\t\t\t\t\t\t\t\t\t\t\t\t<\/div>\n\t\t\t\t<\/div>\n\t\t\t\t<div class=\"elementor-element elementor-element-12f179c elementor-widget elementor-widget-heading\" data-id=\"12f179c\" data-element_type=\"widget\" data-widget_type=\"heading.default\">\n\t\t\t\t<div class=\"elementor-widget-container\">\n\t\t\t\t\t<p class=\"elementor-heading-title elementor-size-default\">Disminuir <strong>extra costos operativos.<\/strong><\/p>\t\t\t\t<\/div>\n\t\t\t\t<\/div>\n\t\t\t\t<\/div>\n\t\t<div class=\"elementor-element elementor-element-4decb96 e-con-full e-flex e-con e-parent\" data-id=\"4decb96\" data-element_type=\"container\" data-settings=\"{&quot;background_background&quot;:&quot;classic&quot;}\">\n\t\t\t\t<div class=\"elementor-element elementor-element-b7f1b42 elementor-widget elementor-widget-image\" data-id=\"b7f1b42\" data-element_type=\"widget\" data-widget_type=\"image.default\">\n\t\t\t\t<div class=\"elementor-widget-container\">\n\t\t\t\t\t\t\t\t\t\t\t\t\t\t\t<img loading=\"lazy\" decoding=\"async\" width=\"140\" height=\"140\" src=\"https:\/\/rehins.com\/wp-content\/uploads\/2023\/03\/Frame-5-1.png\" class=\"attachment-large size-large wp-image-602\" alt=\"icono web\" \/>\t\t\t\t\t\t\t\t\t\t\t\t\t\t\t<\/div>\n\t\t\t\t<\/div>\n\t\t\t\t<div class=\"elementor-element elementor-element-8631fef elementor-widget elementor-widget-heading\" data-id=\"8631fef\" data-element_type=\"widget\" data-widget_type=\"heading.default\">\n\t\t\t\t<div class=\"elementor-widget-container\">\n\t\t\t\t\t<p class=\"elementor-heading-title elementor-size-default\">Planificaci\u00f3 del manteniment de la seva <strong>maquin\u00e0ria amb Hidr\u00e0ulica Rehins<\/strong><\/p>\t\t\t\t<\/div>\n\t\t\t\t<\/div>\n\t\t\t\t<\/div>\n\t\t\t\t<\/div>\n\t\t\t\t<\/div>\n\t\t\t\t<\/div>\n\t\t","protected":false},"excerpt":{"rendered":"<p>Manteniment Hidr\u00e0ulic La seva maquin\u00e0ria treballant a ple rendiment &#8220;Eviti que la seva maquin\u00e0ria decideixi per vost\u00e8&#8221;\u200b Manteniment hidr\u00e0ulic a Hidr\u00e1ulica Rehins Per a qualsevol empresa o negoci, independentment del sector al qual pertanyi, \u00e9s fonamental poder mantenir els seus equips en ple funcionament i sense interrupcions en la seva productivitat. Aix\u00f2 es converteix en [&hellip;]<\/p>\n","protected":false},"author":2,"featured_media":0,"parent":0,"menu_order":4,"comment_status":"closed","ping_status":"closed","template":"","meta":{"_acf_changed":false,"footnotes":""},"class_list":["post-1776","page","type-page","status-publish","hentry"],"acf":[],"yoast_head":"<!-- This site is optimized with the Yoast SEO plugin v26.8 - https:\/\/yoast.com\/product\/yoast-seo-wordpress\/ -->\n<title>Manteniment hidr\u00e0ulic 24 h \u2013 Preventiu i correctiu | Hidr\u00e0ulica Rehins<\/title>\n<meta name=\"description\" content=\"Servei de manteniment hidr\u00e0ulic a Catalunya: inspeccions, ajustaments, neteja i lubricaci\u00f3 per evitar aturades, reduir costos i allargar la vida \u00fatil de la maquin\u00e0ria.\" \/>\n<meta name=\"robots\" content=\"index, follow, max-snippet:-1, max-image-preview:large, max-video-preview:-1\" \/>\n<link rel=\"canonical\" href=\"https:\/\/rehins.com\/manteniment-hidraulic\/\" \/>\n<meta property=\"og:locale\" content=\"ca_ES\" \/>\n<meta property=\"og:type\" content=\"article\" \/>\n<meta property=\"og:title\" content=\"Manteniment hidr\u00e0ulic 24 h \u2013 Preventiu i correctiu | Hidr\u00e0ulica Rehins\" \/>\n<meta property=\"og:description\" content=\"Servei de manteniment hidr\u00e0ulic a Catalunya: inspeccions, ajustaments, neteja i lubricaci\u00f3 per evitar aturades, reduir costos i allargar la vida \u00fatil de la maquin\u00e0ria.\" \/>\n<meta property=\"og:url\" content=\"https:\/\/rehins.com\/manteniment-hidraulic\/\" \/>\n<meta property=\"og:site_name\" content=\"Hidraulica Rehins\" \/>\n<meta property=\"article:modified_time\" content=\"2025-10-20T13:47:54+00:00\" \/>\n<meta property=\"og:image\" content=\"https:\/\/rehins.com\/wp-content\/uploads\/2023\/03\/Frame-2.png\" \/>\n<meta name=\"twitter:card\" content=\"summary_large_image\" \/>\n<meta name=\"twitter:label1\" content=\"Temps estimat de lectura\" \/>\n\t<meta name=\"twitter:data1\" content=\"3 minuts\" \/>\n<!-- \/ Yoast SEO plugin. -->","yoast_head_json":{"title":"Manteniment hidr\u00e0ulic 24 h \u2013 Preventiu i correctiu | Hidr\u00e0ulica Rehins","description":"Servei de manteniment hidr\u00e0ulic a Catalunya: inspeccions, ajustaments, neteja i lubricaci\u00f3 per evitar aturades, reduir costos i allargar la vida \u00fatil de la maquin\u00e0ria.","robots":{"index":"index","follow":"follow","max-snippet":"max-snippet:-1","max-image-preview":"max-image-preview:large","max-video-preview":"max-video-preview:-1"},"canonical":"https:\/\/rehins.com\/manteniment-hidraulic\/","og_locale":"ca_ES","og_type":"article","og_title":"Manteniment hidr\u00e0ulic 24 h \u2013 Preventiu i correctiu | Hidr\u00e0ulica Rehins","og_description":"Servei de manteniment hidr\u00e0ulic a Catalunya: inspeccions, ajustaments, neteja i lubricaci\u00f3 per evitar aturades, reduir costos i allargar la vida \u00fatil de la maquin\u00e0ria.","og_url":"https:\/\/rehins.com\/manteniment-hidraulic\/","og_site_name":"Hidraulica Rehins","article_modified_time":"2025-10-20T13:47:54+00:00","og_image":[{"url":"https:\/\/rehins.com\/wp-content\/uploads\/2023\/03\/Frame-2.png","type":"","width":"","height":""}],"twitter_card":"summary_large_image","twitter_misc":{"Temps estimat de lectura":"3 minuts"},"schema":{"@context":"https:\/\/schema.org","@graph":[{"@type":"WebPage","@id":"https:\/\/rehins.com\/manteniment-hidraulic\/","url":"https:\/\/rehins.com\/manteniment-hidraulic\/","name":"Manteniment hidr\u00e0ulic 24 h \u2013 Preventiu i correctiu | Hidr\u00e0ulica Rehins","isPartOf":{"@id":"https:\/\/rehins.com\/#website"},"primaryImageOfPage":{"@id":"https:\/\/rehins.com\/manteniment-hidraulic\/#primaryimage"},"image":{"@id":"https:\/\/rehins.com\/manteniment-hidraulic\/#primaryimage"},"thumbnailUrl":"https:\/\/rehins.com\/wp-content\/uploads\/2023\/03\/Frame-2.png","datePublished":"2023-06-15T07:27:25+00:00","dateModified":"2025-10-20T13:47:54+00:00","description":"Servei de manteniment hidr\u00e0ulic a Catalunya: inspeccions, ajustaments, neteja i lubricaci\u00f3 per evitar aturades, reduir costos i allargar la vida \u00fatil de la maquin\u00e0ria.","breadcrumb":{"@id":"https:\/\/rehins.com\/manteniment-hidraulic\/#breadcrumb"},"inLanguage":"ca","potentialAction":[{"@type":"ReadAction","target":["https:\/\/rehins.com\/manteniment-hidraulic\/"]}]},{"@type":"ImageObject","inLanguage":"ca","@id":"https:\/\/rehins.com\/manteniment-hidraulic\/#primaryimage","url":"https:\/\/rehins.com\/wp-content\/uploads\/2023\/03\/Frame-2.png","contentUrl":"https:\/\/rehins.com\/wp-content\/uploads\/2023\/03\/Frame-2.png"},{"@type":"BreadcrumbList","@id":"https:\/\/rehins.com\/manteniment-hidraulic\/#breadcrumb","itemListElement":[{"@type":"ListItem","position":1,"name":"Portada","item":"https:\/\/rehins.com\/"},{"@type":"ListItem","position":2,"name":"Manteniment Hidr\u00e0ulic"}]},{"@type":"WebSite","@id":"https:\/\/rehins.com\/#website","url":"https:\/\/rehins.com\/","name":"Hidraulica Rehins","description":"","publisher":{"@id":"https:\/\/rehins.com\/#organization"},"potentialAction":[{"@type":"SearchAction","target":{"@type":"EntryPoint","urlTemplate":"https:\/\/rehins.com\/?s={search_term_string}"},"query-input":{"@type":"PropertyValueSpecification","valueRequired":true,"valueName":"search_term_string"}}],"inLanguage":"ca"},{"@type":"Organization","@id":"https:\/\/rehins.com\/#organization","name":"Hidraulica Rehins","url":"https:\/\/rehins.com\/","logo":{"@type":"ImageObject","inLanguage":"ca","@id":"https:\/\/rehins.com\/#\/schema\/logo\/image\/","url":"https:\/\/rehins.com\/wp-content\/uploads\/2023\/03\/cropped-Frame-6.png","contentUrl":"https:\/\/rehins.com\/wp-content\/uploads\/2023\/03\/cropped-Frame-6.png","width":341,"height":95,"caption":"Hidraulica Rehins"},"image":{"@id":"https:\/\/rehins.com\/#\/schema\/logo\/image\/"}}]}},"_links":{"self":[{"href":"https:\/\/rehins.com\/ca\/wp-json\/wp\/v2\/pages\/1776","targetHints":{"allow":["GET"]}}],"collection":[{"href":"https:\/\/rehins.com\/ca\/wp-json\/wp\/v2\/pages"}],"about":[{"href":"https:\/\/rehins.com\/ca\/wp-json\/wp\/v2\/types\/page"}],"author":[{"embeddable":true,"href":"https:\/\/rehins.com\/ca\/wp-json\/wp\/v2\/users\/2"}],"replies":[{"embeddable":true,"href":"https:\/\/rehins.com\/ca\/wp-json\/wp\/v2\/comments?post=1776"}],"version-history":[{"count":20,"href":"https:\/\/rehins.com\/ca\/wp-json\/wp\/v2\/pages\/1776\/revisions"}],"predecessor-version":[{"id":2206,"href":"https:\/\/rehins.com\/ca\/wp-json\/wp\/v2\/pages\/1776\/revisions\/2206"}],"wp:attachment":[{"href":"https:\/\/rehins.com\/ca\/wp-json\/wp\/v2\/media?parent=1776"}],"curies":[{"name":"wp","href":"https:\/\/api.w.org\/{rel}","templated":true}]}}