{"id":750,"date":"2023-03-17T08:44:23","date_gmt":"2023-03-17T08:44:23","guid":{"rendered":"https:\/\/rehins.com\/quienes-somos\/"},"modified":"2025-10-20T13:38:16","modified_gmt":"2025-10-20T13:38:16","slug":"qui-som","status":"publish","type":"page","link":"https:\/\/rehins.com\/ca\/qui-som\/","title":{"rendered":"Qui som"},"content":{"rendered":"\t\t<div data-elementor-type=\"wp-page\" data-elementor-id=\"750\" class=\"elementor elementor-750 elementor-89\" data-elementor-post-type=\"page\">\n\t\t\t\t<div class=\"elementor-element elementor-element-a9f1d5f e-con-full e-flex e-con e-parent\" data-id=\"a9f1d5f\" data-element_type=\"container\" data-settings=\"{&quot;background_background&quot;:&quot;classic&quot;}\">\n\t\t\t\t<div class=\"elementor-element elementor-element-0c15ec1 elementor-widget elementor-widget-text-editor\" data-id=\"0c15ec1\" data-element_type=\"widget\" data-widget_type=\"text-editor.default\">\n\t\t\t\t<div class=\"elementor-widget-container\">\n\t\t\t\t\t\t\t\t\t<h1><strong>Hidr\u00e1ulica Rehins<\/strong><\/h1><p>Som especialistes en reparacions de sistemes hidr\u00e0ulics<\/p>\t\t\t\t\t\t\t\t<\/div>\n\t\t\t\t<\/div>\n\t\t\t\t<\/div>\n\t\t<div class=\"elementor-element elementor-element-4e04dd4 e-con-full e-flex e-con e-parent\" data-id=\"4e04dd4\" data-element_type=\"container\">\n\t\t<div class=\"elementor-element elementor-element-b8884f1 e-con-full e-flex e-con e-child\" data-id=\"b8884f1\" data-element_type=\"container\">\n\t\t<div class=\"elementor-element elementor-element-a8b4d29 e-con-full e-flex e-con e-child\" data-id=\"a8b4d29\" data-element_type=\"container\">\n\t\t<div class=\"elementor-element elementor-element-d6ff59a e-con-full e-flex e-con e-child\" data-id=\"d6ff59a\" data-element_type=\"container\">\n\t\t\t\t<div class=\"elementor-element elementor-element-a9feaf4 elementor-widget elementor-widget-image\" data-id=\"a9feaf4\" data-element_type=\"widget\" data-widget_type=\"image.default\">\n\t\t\t\t<div class=\"elementor-widget-container\">\n\t\t\t\t\t\t\t\t\t\t\t\t\t\t\t<img decoding=\"async\" width=\"138\" height=\"140\" src=\"https:\/\/rehins.com\/wp-content\/uploads\/2023\/03\/Group-286.png\" class=\"attachment-large size-large wp-image-578\" alt=\"icono web\" \/>\t\t\t\t\t\t\t\t\t\t\t\t\t\t\t<\/div>\n\t\t\t\t<\/div>\n\t\t\t\t<div class=\"elementor-element elementor-element-c8f054e elementor-widget elementor-widget-heading\" data-id=\"c8f054e\" data-element_type=\"widget\" data-widget_type=\"heading.default\">\n\t\t\t\t<div class=\"elementor-widget-container\">\n\t\t\t\t\t<h2 class=\"elementor-heading-title elementor-size-default\">Urg\u00e8ncies 365x24<\/h2>\t\t\t\t<\/div>\n\t\t\t\t<\/div>\n\t\t\t\t<\/div>\n\t\t\t\t<div class=\"elementor-element elementor-element-66ed21f elementor-widget elementor-widget-text-editor\" data-id=\"66ed21f\" data-element_type=\"widget\" data-widget_type=\"text-editor.default\">\n\t\t\t\t<div class=\"elementor-widget-container\">\n\t\t\t\t\t\t\t\t\t<p>Els nostres<strong> t\u00e8cnics de servei<\/strong> es faran c\u00e0rrec de qualsevol tipus d&#8217;avaria en qualsevol punt de Catalunya gr\u00e0cies a la <strong>intervenci\u00f3 immediata<\/strong> dels nostres <strong>tallers m\u00f2bils<\/strong> que, dotats d&#8217;equipament i material, ens permeten fabricar in situ les m\u00e0nigues hidr\u00e0uliques i components necessaris per deixar en marxa les seves instal\u00b7lacions.<\/p>\t\t\t\t\t\t\t\t<\/div>\n\t\t\t\t<\/div>\n\t\t\t\t<\/div>\n\t\t<div class=\"elementor-element elementor-element-91cb806 e-con-full e-flex e-con e-child\" data-id=\"91cb806\" data-element_type=\"container\">\n\t\t<div class=\"elementor-element elementor-element-ddd4e89 e-con-full e-flex e-con e-child\" data-id=\"ddd4e89\" data-element_type=\"container\">\n\t\t\t\t<div class=\"elementor-element elementor-element-bcc72cd elementor-widget elementor-widget-image\" data-id=\"bcc72cd\" data-element_type=\"widget\" data-widget_type=\"image.default\">\n\t\t\t\t<div class=\"elementor-widget-container\">\n\t\t\t\t\t\t\t\t\t\t\t\t\t\t\t<img decoding=\"async\" width=\"140\" height=\"140\" src=\"https:\/\/rehins.com\/wp-content\/uploads\/2023\/03\/Frame.png\" class=\"attachment-large size-large wp-image-580\" alt=\"icono web\" \/>\t\t\t\t\t\t\t\t\t\t\t\t\t\t\t<\/div>\n\t\t\t\t<\/div>\n\t\t\t\t<div class=\"elementor-element elementor-element-33aab47 elementor-widget elementor-widget-heading\" data-id=\"33aab47\" data-element_type=\"widget\" data-widget_type=\"heading.default\">\n\t\t\t\t<div class=\"elementor-widget-container\">\n\t\t\t\t\t<h2 class=\"elementor-heading-title elementor-size-default\">Manteniment planificat<\/h2>\t\t\t\t<\/div>\n\t\t\t\t<\/div>\n\t\t\t\t<\/div>\n\t\t\t\t<div class=\"elementor-element elementor-element-b2e3b33 elementor-widget elementor-widget-text-editor\" data-id=\"b2e3b33\" data-element_type=\"widget\" data-widget_type=\"text-editor.default\">\n\t\t\t\t<div class=\"elementor-widget-container\">\n\t\t\t\t\t\t\t\t\t<p>De les seves instal\u00b7lacions o m\u00e0quines mitjan\u00e7ant intervencions coordinades conjuntament amb el nostre <strong>gabinet t\u00e8cnic<\/strong>, amb m\u00e9s de <strong>vint anys d&#8217;experi\u00e8ncia<\/strong> a les seves esquenes.<\/p>\t\t\t\t\t\t\t\t<\/div>\n\t\t\t\t<\/div>\n\t\t\t\t<\/div>\n\t\t\t\t<\/div>\n\t\t\t\t<\/div>\n\t\t<div class=\"elementor-element elementor-element-b557c17 e-con-full e-flex e-con e-parent\" data-id=\"b557c17\" data-element_type=\"container\">\n\t\t\t\t<div class=\"elementor-element elementor-element-19d686a elementor-hidden-mobile elementor-widget elementor-widget-image\" data-id=\"19d686a\" data-element_type=\"widget\" data-widget_type=\"image.default\">\n\t\t\t\t<div class=\"elementor-widget-container\">\n\t\t\t\t\t\t\t\t\t\t\t\t\t\t\t<img fetchpriority=\"high\" decoding=\"async\" width=\"1024\" height=\"768\" src=\"https:\/\/rehins.com\/wp-content\/uploads\/2023\/05\/98cc3464-d0e6-4ece-b508-255b069fe23f.jpg\" class=\"attachment-full size-full wp-image-1141\" alt=\"\" srcset=\"https:\/\/rehins.com\/wp-content\/uploads\/2023\/05\/98cc3464-d0e6-4ece-b508-255b069fe23f.jpg 1024w, https:\/\/rehins.com\/wp-content\/uploads\/2023\/05\/98cc3464-d0e6-4ece-b508-255b069fe23f-300x225.jpg 300w, https:\/\/rehins.com\/wp-content\/uploads\/2023\/05\/98cc3464-d0e6-4ece-b508-255b069fe23f-768x576.jpg 768w\" sizes=\"(max-width: 1024px) 100vw, 1024px\" \/>\t\t\t\t\t\t\t\t\t\t\t\t\t\t\t<\/div>\n\t\t\t\t<\/div>\n\t\t\t\t<div class=\"elementor-element elementor-element-dad88e7 elementor-hidden-desktop elementor-hidden-tablet elementor-widget elementor-widget-image\" data-id=\"dad88e7\" data-element_type=\"widget\" data-widget_type=\"image.default\">\n\t\t\t\t<div class=\"elementor-widget-container\">\n\t\t\t\t\t\t\t\t\t\t\t\t\t\t\t<img fetchpriority=\"high\" decoding=\"async\" width=\"1024\" height=\"768\" src=\"https:\/\/rehins.com\/wp-content\/uploads\/2023\/05\/98cc3464-d0e6-4ece-b508-255b069fe23f.jpg\" class=\"attachment-full size-full wp-image-1141\" alt=\"\" srcset=\"https:\/\/rehins.com\/wp-content\/uploads\/2023\/05\/98cc3464-d0e6-4ece-b508-255b069fe23f.jpg 1024w, https:\/\/rehins.com\/wp-content\/uploads\/2023\/05\/98cc3464-d0e6-4ece-b508-255b069fe23f-300x225.jpg 300w, https:\/\/rehins.com\/wp-content\/uploads\/2023\/05\/98cc3464-d0e6-4ece-b508-255b069fe23f-768x576.jpg 768w\" sizes=\"(max-width: 1024px) 100vw, 1024px\" \/>\t\t\t\t\t\t\t\t\t\t\t\t\t\t\t<\/div>\n\t\t\t\t<\/div>\n\t\t\t\t<\/div>\n\t\t<div class=\"elementor-element elementor-element-c95a342 e-con-full e-flex e-con e-parent\" data-id=\"c95a342\" data-element_type=\"container\">\n\t\t<div class=\"elementor-element elementor-element-5f5509c e-con-full e-flex e-con e-child\" data-id=\"5f5509c\" data-element_type=\"container\">\n\t\t<div class=\"elementor-element elementor-element-e37f035 e-con-full e-flex e-con e-child\" data-id=\"e37f035\" data-element_type=\"container\" data-settings=\"{&quot;background_background&quot;:&quot;classic&quot;}\">\n\t\t<div class=\"elementor-element elementor-element-170d86d e-con-full e-flex e-con e-child\" data-id=\"170d86d\" data-element_type=\"container\" data-settings=\"{&quot;background_background&quot;:&quot;classic&quot;}\">\n\t\t\t\t<div class=\"elementor-element elementor-element-5074d97 elementor-widget elementor-widget-heading\" data-id=\"5074d97\" data-element_type=\"widget\" data-widget_type=\"heading.default\">\n\t\t\t\t<div class=\"elementor-widget-container\">\n\t\t\t\t\t<h2 class=\"elementor-heading-title elementor-size-default\">La Botiga<\/h2>\t\t\t\t<\/div>\n\t\t\t\t<\/div>\n\t\t\t\t<\/div>\n\t\t\t\t<div class=\"elementor-element elementor-element-35be3a8 elementor-widget elementor-widget-text-editor\" data-id=\"35be3a8\" data-element_type=\"widget\" data-widget_type=\"text-editor.default\">\n\t\t\t\t<div class=\"elementor-widget-container\">\n\t\t\t\t\t\t\t\t\t<p>Posem a la seva disposici\u00f3 una \u00e0mplia gamma de productes relacionats amb la hidr\u00e0ulica, com ara tubs, m\u00e0niguets, recorreguts, connexions, bombes, v\u00e0lvules, distribu\u00efdors, motors, filtres i un llarg etc\u00e8tera.<\/p>\t\t\t\t\t\t\t\t<\/div>\n\t\t\t\t<\/div>\n\t\t\t\t<\/div>\n\t\t<div class=\"elementor-element elementor-element-e5e4490 e-con-full e-flex e-con e-child\" data-id=\"e5e4490\" data-element_type=\"container\" data-settings=\"{&quot;background_background&quot;:&quot;classic&quot;}\">\n\t\t<div class=\"elementor-element elementor-element-b186f9a e-con-full e-flex e-con e-child\" data-id=\"b186f9a\" data-element_type=\"container\" data-settings=\"{&quot;background_background&quot;:&quot;classic&quot;}\">\n\t\t\t\t<div class=\"elementor-element elementor-element-a747a96 elementor-widget elementor-widget-heading\" data-id=\"a747a96\" data-element_type=\"widget\" data-widget_type=\"heading.default\">\n\t\t\t\t<div class=\"elementor-widget-container\">\n\t\t\t\t\t<h2 class=\"elementor-heading-title elementor-size-default\">El Taller<\/h2>\t\t\t\t<\/div>\n\t\t\t\t<\/div>\n\t\t\t\t<\/div>\n\t\t\t\t<div class=\"elementor-element elementor-element-5282772 elementor-widget elementor-widget-text-editor\" data-id=\"5282772\" data-element_type=\"widget\" data-widget_type=\"text-editor.default\">\n\t\t\t\t<div class=\"elementor-widget-container\">\n\t\t\t\t\t\t\t\t\t<p>Si ho desitja, pot acudir a les nostres instal\u00b7lacions, on r\u00e0pidament li fabricarem les seves m\u00e0niguets. Tamb\u00e9 ens pot portar cilindres hidr\u00e0ulics, distribu\u00efdors i altres components per a la reparaci\u00f3<\/p>\t\t\t\t\t\t\t\t<\/div>\n\t\t\t\t<\/div>\n\t\t\t\t<\/div>\n\t\t\t\t<\/div>\n\t\t<div class=\"elementor-element elementor-element-54add33 e-con-full e-flex e-con e-child\" data-id=\"54add33\" data-element_type=\"container\">\n\t\t\t\t<div class=\"elementor-element elementor-element-25a62ba elementor-widget elementor-widget-image\" data-id=\"25a62ba\" data-element_type=\"widget\" data-widget_type=\"image.default\">\n\t\t\t\t<div class=\"elementor-widget-container\">\n\t\t\t\t\t\t\t\t\t\t\t\t\t\t\t<img loading=\"lazy\" decoding=\"async\" width=\"800\" height=\"701\" src=\"https:\/\/rehins.com\/wp-content\/uploads\/2023\/05\/7085d0c5-8fc0-44e3-a193-d0f5d8c05123-e1683186140523-1024x897.jpg\" class=\"attachment-large size-large wp-image-1147\" alt=\"Hidr\u00e1ulica rehins\" srcset=\"https:\/\/rehins.com\/wp-content\/uploads\/2023\/05\/7085d0c5-8fc0-44e3-a193-d0f5d8c05123-e1683186140523-1024x897.jpg 1024w, https:\/\/rehins.com\/wp-content\/uploads\/2023\/05\/7085d0c5-8fc0-44e3-a193-d0f5d8c05123-e1683186140523-300x263.jpg 300w, https:\/\/rehins.com\/wp-content\/uploads\/2023\/05\/7085d0c5-8fc0-44e3-a193-d0f5d8c05123-e1683186140523-768x673.jpg 768w, https:\/\/rehins.com\/wp-content\/uploads\/2023\/05\/7085d0c5-8fc0-44e3-a193-d0f5d8c05123-e1683186140523.jpg 1536w\" sizes=\"(max-width: 800px) 100vw, 800px\" \/>\t\t\t\t\t\t\t\t\t\t\t\t\t\t\t<\/div>\n\t\t\t\t<\/div>\n\t\t\t\t<\/div>\n\t\t\t\t<\/div>\n\t\t<div class=\"elementor-element elementor-element-ccbbd2e e-con-full e-flex e-con e-parent\" data-id=\"ccbbd2e\" data-element_type=\"container\">\n\t\t\t\t<div class=\"elementor-element elementor-element-0276aa4 elementor-widget elementor-widget-text-editor\" data-id=\"0276aa4\" data-element_type=\"widget\" data-widget_type=\"text-editor.default\">\n\t\t\t\t<div class=\"elementor-widget-container\">\n\t\t\t\t\t\t\t\t\t<div class=\"w-[30px] flex flex-col relative items-end\"><div class=\"relative h-[30px] w-[30px] p-1 rounded-sm text-white flex items-center justify-center\">Entre els nostres clients comptem amb empreses de mides i sectors molt diversos (construcci\u00f3, obra p\u00fablica, maquin\u00e0ria, ind\u00fastria, mineria, municipis, naval i n\u00e0utica, log\u00edstica&#8230;), qui des de fa anys venen confiant en nosaltres la resoluci\u00f3 de les seves incid\u00e8ncies ja que a Hidr\u00e0ulica Rehins vetllem per la continu\u00eftat dels seus processos.<\/div><\/div><div class=\"relative flex w-[calc(100%-50px)] flex-col gap-1 md:gap-3 lg:w-[calc(100%-115px)]\"><div class=\"flex flex-grow flex-col gap-3\"><div class=\"min-h-[20px] flex flex-col items-start gap-4 whitespace-pre-wrap\"><div class=\"result-streaming markdown prose w-full break-words dark:prose-invert light\"><p>La nostra missi\u00f3 \u00e9s aconseguir la m\u00e0xima productivitat dels recursos dels nostres clients. Els nostres t\u00e8cnics, amb llarga experi\u00e8ncia en el sector, esfor\u00e7ar-se perqu\u00e8 els actius dels nostres clients estiguin r\u00e0pidament a punt i produint, de manera que la seva empresa pugui seguir treballant en el menor temps possible. Milers d&#8217;intervencions ens avalen.<\/p><\/div><\/div><\/div><\/div>\t\t\t\t\t\t\t\t<\/div>\n\t\t\t\t<\/div>\n\t\t\t\t<\/div>\n\t\t\t\t<\/div>\n\t\t","protected":false},"excerpt":{"rendered":"<p>Hidr\u00e1ulica Rehins Som especialistes en reparacions de sistemes hidr\u00e0ulics Urg\u00e8ncies 365&#215;24 Els nostres t\u00e8cnics de servei es faran c\u00e0rrec de qualsevol tipus d&#8217;avaria en qualsevol punt de Catalunya gr\u00e0cies a la intervenci\u00f3 immediata dels nostres tallers m\u00f2bils que, dotats d&#8217;equipament i material, ens permeten fabricar in situ les m\u00e0nigues hidr\u00e0uliques i components necessaris per deixar [&hellip;]<\/p>\n","protected":false},"author":2,"featured_media":0,"parent":0,"menu_order":1,"comment_status":"closed","ping_status":"open","template":"","meta":{"_acf_changed":false,"footnotes":""},"class_list":["post-750","page","type-page","status-publish","hentry"],"acf":[],"yoast_head":"<!-- This site is optimized with the Yoast SEO plugin v26.8 - https:\/\/yoast.com\/product\/yoast-seo-wordpress\/ -->\n<title>Qui\u00e9nes somos | Hidr\u00e1ulica Rehins \u2013 expertos en sistemas hidr\u00e1ulicos<\/title>\n<meta name=\"description\" content=\"Conoce la trayectoria de Hidr\u00e1ulica Rehins: m\u00e1s de 20 a\u00f1os ofreciendo reparaci\u00f3n, mantenimiento y suministro de componentes hidr\u00e1ulicos en Catalu\u00f1a con servicio 24 h.\" \/>\n<meta name=\"robots\" content=\"index, follow, max-snippet:-1, max-image-preview:large, max-video-preview:-1\" \/>\n<link rel=\"canonical\" href=\"https:\/\/rehins.com\/qui-som\/\" \/>\n<meta property=\"og:locale\" content=\"ca_ES\" \/>\n<meta property=\"og:type\" content=\"article\" \/>\n<meta property=\"og:title\" content=\"Qui\u00e9nes somos | Hidr\u00e1ulica Rehins \u2013 expertos en sistemas hidr\u00e1ulicos\" \/>\n<meta property=\"og:description\" content=\"Conoce la trayectoria de Hidr\u00e1ulica Rehins: m\u00e1s de 20 a\u00f1os ofreciendo reparaci\u00f3n, mantenimiento y suministro de componentes hidr\u00e1ulicos en Catalu\u00f1a con servicio 24 h.\" \/>\n<meta property=\"og:url\" content=\"https:\/\/rehins.com\/qui-som\/\" \/>\n<meta property=\"og:site_name\" content=\"Hidraulica Rehins\" \/>\n<meta property=\"article:modified_time\" content=\"2025-10-20T13:38:16+00:00\" \/>\n<meta property=\"og:image\" content=\"https:\/\/rehins.com\/wp-content\/uploads\/2023\/03\/Group-286.png\" \/>\n<meta name=\"twitter:card\" content=\"summary_large_image\" \/>\n<meta name=\"twitter:label1\" content=\"Temps estimat de lectura\" \/>\n\t<meta name=\"twitter:data1\" content=\"3 minuts\" \/>\n<!-- \/ Yoast SEO plugin. -->","yoast_head_json":{"title":"Qui\u00e9nes somos | Hidr\u00e1ulica Rehins \u2013 expertos en sistemas hidr\u00e1ulicos","description":"Conoce la trayectoria de Hidr\u00e1ulica Rehins: m\u00e1s de 20 a\u00f1os ofreciendo reparaci\u00f3n, mantenimiento y suministro de componentes hidr\u00e1ulicos en Catalu\u00f1a con servicio 24 h.","robots":{"index":"index","follow":"follow","max-snippet":"max-snippet:-1","max-image-preview":"max-image-preview:large","max-video-preview":"max-video-preview:-1"},"canonical":"https:\/\/rehins.com\/qui-som\/","og_locale":"ca_ES","og_type":"article","og_title":"Qui\u00e9nes somos | Hidr\u00e1ulica Rehins \u2013 expertos en sistemas hidr\u00e1ulicos","og_description":"Conoce la trayectoria de Hidr\u00e1ulica Rehins: m\u00e1s de 20 a\u00f1os ofreciendo reparaci\u00f3n, mantenimiento y suministro de componentes hidr\u00e1ulicos en Catalu\u00f1a con servicio 24 h.","og_url":"https:\/\/rehins.com\/qui-som\/","og_site_name":"Hidraulica Rehins","article_modified_time":"2025-10-20T13:38:16+00:00","og_image":[{"url":"https:\/\/rehins.com\/wp-content\/uploads\/2023\/03\/Group-286.png","type":"","width":"","height":""}],"twitter_card":"summary_large_image","twitter_misc":{"Temps estimat de lectura":"3 minuts"},"schema":{"@context":"https:\/\/schema.org","@graph":[{"@type":"WebPage","@id":"https:\/\/rehins.com\/qui-som\/","url":"https:\/\/rehins.com\/qui-som\/","name":"Qui\u00e9nes somos | Hidr\u00e1ulica Rehins \u2013 expertos en sistemas hidr\u00e1ulicos","isPartOf":{"@id":"https:\/\/rehins.com\/#website"},"primaryImageOfPage":{"@id":"https:\/\/rehins.com\/qui-som\/#primaryimage"},"image":{"@id":"https:\/\/rehins.com\/qui-som\/#primaryimage"},"thumbnailUrl":"https:\/\/rehins.com\/wp-content\/uploads\/2023\/03\/Group-286.png","datePublished":"2023-03-17T08:44:23+00:00","dateModified":"2025-10-20T13:38:16+00:00","description":"Conoce la trayectoria de Hidr\u00e1ulica Rehins: m\u00e1s de 20 a\u00f1os ofreciendo reparaci\u00f3n, mantenimiento y suministro de componentes hidr\u00e1ulicos en Catalu\u00f1a con servicio 24 h.","breadcrumb":{"@id":"https:\/\/rehins.com\/qui-som\/#breadcrumb"},"inLanguage":"ca","potentialAction":[{"@type":"ReadAction","target":["https:\/\/rehins.com\/qui-som\/"]}]},{"@type":"ImageObject","inLanguage":"ca","@id":"https:\/\/rehins.com\/qui-som\/#primaryimage","url":"https:\/\/rehins.com\/wp-content\/uploads\/2023\/03\/Group-286.png","contentUrl":"https:\/\/rehins.com\/wp-content\/uploads\/2023\/03\/Group-286.png"},{"@type":"BreadcrumbList","@id":"https:\/\/rehins.com\/qui-som\/#breadcrumb","itemListElement":[{"@type":"ListItem","position":1,"name":"Portada","item":"https:\/\/rehins.com\/"},{"@type":"ListItem","position":2,"name":"Qui som"}]},{"@type":"WebSite","@id":"https:\/\/rehins.com\/#website","url":"https:\/\/rehins.com\/","name":"Hidraulica Rehins","description":"","publisher":{"@id":"https:\/\/rehins.com\/#organization"},"potentialAction":[{"@type":"SearchAction","target":{"@type":"EntryPoint","urlTemplate":"https:\/\/rehins.com\/?s={search_term_string}"},"query-input":{"@type":"PropertyValueSpecification","valueRequired":true,"valueName":"search_term_string"}}],"inLanguage":"ca"},{"@type":"Organization","@id":"https:\/\/rehins.com\/#organization","name":"Hidraulica Rehins","url":"https:\/\/rehins.com\/","logo":{"@type":"ImageObject","inLanguage":"ca","@id":"https:\/\/rehins.com\/#\/schema\/logo\/image\/","url":"https:\/\/rehins.com\/wp-content\/uploads\/2023\/03\/cropped-Frame-6.png","contentUrl":"https:\/\/rehins.com\/wp-content\/uploads\/2023\/03\/cropped-Frame-6.png","width":341,"height":95,"caption":"Hidraulica Rehins"},"image":{"@id":"https:\/\/rehins.com\/#\/schema\/logo\/image\/"}}]}},"_links":{"self":[{"href":"https:\/\/rehins.com\/ca\/wp-json\/wp\/v2\/pages\/750","targetHints":{"allow":["GET"]}}],"collection":[{"href":"https:\/\/rehins.com\/ca\/wp-json\/wp\/v2\/pages"}],"about":[{"href":"https:\/\/rehins.com\/ca\/wp-json\/wp\/v2\/types\/page"}],"author":[{"embeddable":true,"href":"https:\/\/rehins.com\/ca\/wp-json\/wp\/v2\/users\/2"}],"replies":[{"embeddable":true,"href":"https:\/\/rehins.com\/ca\/wp-json\/wp\/v2\/comments?post=750"}],"version-history":[{"count":40,"href":"https:\/\/rehins.com\/ca\/wp-json\/wp\/v2\/pages\/750\/revisions"}],"predecessor-version":[{"id":3450,"href":"https:\/\/rehins.com\/ca\/wp-json\/wp\/v2\/pages\/750\/revisions\/3450"}],"wp:attachment":[{"href":"https:\/\/rehins.com\/ca\/wp-json\/wp\/v2\/media?parent=750"}],"curies":[{"name":"wp","href":"https:\/\/api.w.org\/{rel}","templated":true}]}}