{"id":1780,"date":"2023-06-15T07:27:25","date_gmt":"2023-06-15T07:27:25","guid":{"rendered":"https:\/\/rehins.com\/mantenimiento-hidraulico\/"},"modified":"2025-10-20T13:47:17","modified_gmt":"2025-10-20T13:47:17","slug":"hydraulic-maintenance","status":"publish","type":"page","link":"https:\/\/rehins.com\/en\/hydraulic-maintenance\/","title":{"rendered":"Hydraulic Maintenance"},"content":{"rendered":"\t\t<div data-elementor-type=\"wp-page\" data-elementor-id=\"1780\" class=\"elementor elementor-1780 elementor-1754\" data-elementor-post-type=\"page\">\n\t\t\t\t<div class=\"elementor-element elementor-element-ce7f257 e-con-full e-flex e-con e-parent\" data-id=\"ce7f257\" data-element_type=\"container\" data-settings=\"{&quot;background_background&quot;:&quot;classic&quot;}\">\n\t\t\t\t<div class=\"elementor-element elementor-element-d1ee691 elementor-widget elementor-widget-heading\" data-id=\"d1ee691\" data-element_type=\"widget\" data-widget_type=\"heading.default\">\n\t\t\t\t<div class=\"elementor-widget-container\">\n\t\t\t\t\t<h1 class=\"elementor-heading-title elementor-size-default\">Hydraulic Maintenance<\/h1>\t\t\t\t<\/div>\n\t\t\t\t<\/div>\n\t\t\t\t<div class=\"elementor-element elementor-element-76d46cd elementor-widget elementor-widget-text-editor\" data-id=\"76d46cd\" data-element_type=\"widget\" data-widget_type=\"text-editor.default\">\n\t\t\t\t<div class=\"elementor-widget-container\">\n\t\t\t\t\t\t\t\t\tYour machinery working at full capacity\n\t\t\t\t\t\t\t\t<\/div>\n\t\t\t\t<\/div>\n\t\t\t\t<\/div>\n\t\t<div class=\"elementor-element elementor-element-2936160 e-con-full e-flex e-con e-parent\" data-id=\"2936160\" data-element_type=\"container\" data-settings=\"{&quot;background_background&quot;:&quot;classic&quot;}\">\n\t\t\t\t<div class=\"elementor-element elementor-element-31da07a elementor-widget elementor-widget-heading\" data-id=\"31da07a\" data-element_type=\"widget\" data-widget_type=\"heading.default\">\n\t\t\t\t<div class=\"elementor-widget-container\">\n\t\t\t\t\t<h2 class=\"elementor-heading-title elementor-size-default\">\"Don\u2019t let your machinery decide for you.\"<\/h2>\t\t\t\t<\/div>\n\t\t\t\t<\/div>\n\t\t\t\t<\/div>\n\t\t<div class=\"elementor-element elementor-element-ed7ffc6 e-con-full e-flex e-con e-parent\" data-id=\"ed7ffc6\" data-element_type=\"container\">\n\t\t<div class=\"elementor-element elementor-element-08bfc98 e-con-full e-flex e-con e-parent\" data-id=\"08bfc98\" data-element_type=\"container\">\n\t\t\t\t<div class=\"elementor-element elementor-element-bcfd3eb elementor-widget elementor-widget-heading\" data-id=\"bcfd3eb\" data-element_type=\"widget\" data-widget_type=\"heading.default\">\n\t\t\t\t<div class=\"elementor-widget-container\">\n\t\t\t\t\t<h2 class=\"elementor-heading-title elementor-size-default\">Hydraulic maintenance at Hidr\u00e1ulica Rehins<\/h2>\t\t\t\t<\/div>\n\t\t\t\t<\/div>\n\t\t\t\t<div class=\"elementor-element elementor-element-29046d3 elementor-widget elementor-widget-heading\" data-id=\"29046d3\" data-element_type=\"widget\" data-widget_type=\"heading.default\">\n\t\t\t\t<div class=\"elementor-widget-container\">\n\t\t\t\t\t<p class=\"elementor-heading-title elementor-size-default\">For any company or business, regardless of the sector to which it belongs, it is essential to be able to keep its equipment fully operational and uninterrupted in its productivity. This becomes a matter of vital importance, as the profitability of the company\u2019s assets and the satisfaction of its customers depend on it.\n<\/p>\t\t\t\t<\/div>\n\t\t\t\t<\/div>\n\t\t\t\t<div class=\"elementor-element elementor-element-e71db2e elementor-widget elementor-widget-heading\" data-id=\"e71db2e\" data-element_type=\"widget\" data-widget_type=\"heading.default\">\n\t\t\t\t<div class=\"elementor-widget-container\">\n\t\t\t\t\t<p class=\"elementor-heading-title elementor-size-default\">In this sense,<strong> preventive maintenance <\/strong>takes on a central role, as it contributes significantly to increasing equipment utilisation. It is for this reason that at <a href=\"\/en\/\">Hidr\u00e1ulica Rehins<\/a> we are committed to offering maintenance plans adapted to the specific needs of each client.\n<\/p>\t\t\t\t<\/div>\n\t\t\t\t<\/div>\n\t\t\t\t<div class=\"elementor-element elementor-element-440af5e elementor-widget elementor-widget-heading\" data-id=\"440af5e\" data-element_type=\"widget\" data-widget_type=\"heading.default\">\n\t\t\t\t<div class=\"elementor-widget-container\">\n\t\t\t\t\t<h2 class=\"elementor-heading-title elementor-size-default\">Always operational with our hydraulic maintenance<\/h2>\t\t\t\t<\/div>\n\t\t\t\t<\/div>\n\t\t\t\t<div class=\"elementor-element elementor-element-ed50d90 elementor-widget elementor-widget-heading\" data-id=\"ed50d90\" data-element_type=\"widget\" data-widget_type=\"heading.default\">\n\t\t\t\t<div class=\"elementor-widget-container\">\n\t\t\t\t\t<p class=\"elementor-heading-title elementor-size-default\">Our <strong>maintenance plans<\/strong> are designed to guarantee a thorough care of the equipment, through periodic inspections, adjustments, cleaning and lubrication, among other preventive actions adapted to the specific needs of each client, considering the type of equipment, its intensive or moderate use, environmental conditions and other relevant factors. In addition, our highly trained technicians will identify and solve any possible breakdown or problem before it becomes a costly and damaging situation for the company.<\/p>\t\t\t\t<\/div>\n\t\t\t\t<\/div>\n\t\t<div class=\"elementor-element elementor-element-20b3539 e-con-full e-flex e-con e-parent\" data-id=\"20b3539\" data-element_type=\"container\" data-settings=\"{&quot;background_background&quot;:&quot;classic&quot;}\">\n\t\t<div class=\"elementor-element elementor-element-5cb7438 e-con-full e-flex e-con e-parent\" data-id=\"5cb7438\" data-element_type=\"container\" data-settings=\"{&quot;background_background&quot;:&quot;classic&quot;}\">\n\t\t\t\t<div class=\"elementor-element elementor-element-ae7815f elementor-widget elementor-widget-heading\" data-id=\"ae7815f\" data-element_type=\"widget\" data-widget_type=\"heading.default\">\n\t\t\t\t<div class=\"elementor-widget-container\">\n\t\t\t\t\t<h2 class=\"elementor-heading-title elementor-size-default\">If you have an emergency<br> \ud83d\udc49\u200a <a href=\"tel:93637794\">CALL US!<\/a><\/h2>\t\t\t\t<\/div>\n\t\t\t\t<\/div>\n\t\t\t\t<\/div>\n\t\t<div class=\"elementor-element elementor-element-d382f4f e-con-full e-flex e-con e-parent\" data-id=\"d382f4f\" data-element_type=\"container\" data-settings=\"{&quot;background_background&quot;:&quot;classic&quot;}\">\n\t\t\t\t<div class=\"elementor-element elementor-element-5f1fb89 elementor-widget elementor-widget-heading\" data-id=\"5f1fb89\" data-element_type=\"widget\" data-widget_type=\"heading.default\">\n\t\t\t\t<div class=\"elementor-widget-container\">\n\t\t\t\t\t<h2 class=\"elementor-heading-title elementor-size-default\">Visit our<br> \ud83d\udc49\u200a <a href=\"https:\/\/www.instagram.com\/hidraulica_rehins\/?hl=es\">Instagram<\/a><\/h2>\t\t\t\t<\/div>\n\t\t\t\t<\/div>\n\t\t\t\t<\/div>\n\t\t\t\t<\/div>\n\t\t\t\t<\/div>\n\t\t\t\t<\/div>\n\t\t<div class=\"elementor-element elementor-element-f6caeab e-con-full e-flex e-con e-parent\" data-id=\"f6caeab\" data-element_type=\"container\">\n\t\t<div class=\"elementor-element elementor-element-e87005d e-con-full e-flex e-con e-parent\" data-id=\"e87005d\" data-element_type=\"container\" data-settings=\"{&quot;background_background&quot;:&quot;classic&quot;}\">\n\t\t\t\t<\/div>\n\t\t<div class=\"elementor-element elementor-element-a57acb7 e-con-full e-flex e-con e-parent\" data-id=\"a57acb7\" data-element_type=\"container\" data-settings=\"{&quot;background_background&quot;:&quot;classic&quot;}\">\n\t\t\t\t<\/div>\n\t\t<div class=\"elementor-element elementor-element-fa72d76 e-con-full e-flex e-con e-parent\" data-id=\"fa72d76\" data-element_type=\"container\" data-settings=\"{&quot;background_background&quot;:&quot;classic&quot;}\">\n\t\t\t\t<\/div>\n\t\t\t\t<\/div>\n\t\t<div class=\"elementor-element elementor-element-45f4021 e-con-full e-flex e-con e-parent\" data-id=\"45f4021\" data-element_type=\"container\">\n\t\t\t\t<div class=\"elementor-element elementor-element-ca5d6c8 elementor-widget elementor-widget-heading\" data-id=\"ca5d6c8\" data-element_type=\"widget\" data-widget_type=\"heading.default\">\n\t\t\t\t<div class=\"elementor-widget-container\">\n\t\t\t\t\t<h2 class=\"elementor-heading-title elementor-size-default\">Benefits we provide<\/h2>\t\t\t\t<\/div>\n\t\t\t\t<\/div>\n\t\t<div class=\"elementor-element elementor-element-7774a5f e-con-full e-flex e-con e-parent\" data-id=\"7774a5f\" data-element_type=\"container\">\n\t\t<div class=\"elementor-element elementor-element-82403e7 e-con-full e-flex e-con e-parent\" data-id=\"82403e7\" data-element_type=\"container\" data-settings=\"{&quot;background_background&quot;:&quot;classic&quot;}\">\n\t\t\t\t<div class=\"elementor-element elementor-element-ba808e9 elementor-widget elementor-widget-image\" data-id=\"ba808e9\" data-element_type=\"widget\" data-widget_type=\"image.default\">\n\t\t\t\t<div class=\"elementor-widget-container\">\n\t\t\t\t\t\t\t\t\t\t\t\t\t\t\t<img decoding=\"async\" width=\"129\" height=\"129\" src=\"https:\/\/rehins.com\/wp-content\/uploads\/2023\/03\/Frame-2.png\" class=\"attachment-large size-large wp-image-597\" alt=\"icono web\" \/>\t\t\t\t\t\t\t\t\t\t\t\t\t\t\t<\/div>\n\t\t\t\t<\/div>\n\t\t\t\t<div class=\"elementor-element elementor-element-7efe908 elementor-widget elementor-widget-heading\" data-id=\"7efe908\" data-element_type=\"widget\" data-widget_type=\"heading.default\">\n\t\t\t\t<div class=\"elementor-widget-container\">\n\t\t\t\t\t<p class=\"elementor-heading-title elementor-size-default\">Your <strong>machines and installations<\/strong> working at <strong>full capacity<\/strong>\n\n<\/p>\t\t\t\t<\/div>\n\t\t\t\t<\/div>\n\t\t\t\t<\/div>\n\t\t<div class=\"elementor-element elementor-element-6338b14 e-con-full e-flex e-con e-parent\" data-id=\"6338b14\" data-element_type=\"container\" data-settings=\"{&quot;background_background&quot;:&quot;classic&quot;}\">\n\t\t\t\t<div class=\"elementor-element elementor-element-1fa4060 elementor-widget elementor-widget-image\" data-id=\"1fa4060\" data-element_type=\"widget\" data-widget_type=\"image.default\">\n\t\t\t\t<div class=\"elementor-widget-container\">\n\t\t\t\t\t\t\t\t\t\t\t\t\t\t\t<img decoding=\"async\" width=\"132\" height=\"132\" src=\"https:\/\/rehins.com\/wp-content\/uploads\/2023\/03\/Frame-1-1.png\" class=\"attachment-large size-large wp-image-607\" alt=\"icono web\" \/>\t\t\t\t\t\t\t\t\t\t\t\t\t\t\t<\/div>\n\t\t\t\t<\/div>\n\t\t\t\t<div class=\"elementor-element elementor-element-c1d1ad7 elementor-widget elementor-widget-heading\" data-id=\"c1d1ad7\" data-element_type=\"widget\" data-widget_type=\"heading.default\">\n\t\t\t\t<div class=\"elementor-widget-container\">\n\t\t\t\t\t<p class=\"elementor-heading-title elementor-size-default\">Increase<strong> the efficiency of your assets<\/strong><\/p>\t\t\t\t<\/div>\n\t\t\t\t<\/div>\n\t\t\t\t<\/div>\n\t\t<div class=\"elementor-element elementor-element-08f821a e-con-full e-flex e-con e-parent\" data-id=\"08f821a\" data-element_type=\"container\" data-settings=\"{&quot;background_background&quot;:&quot;classic&quot;}\">\n\t\t\t\t<div class=\"elementor-element elementor-element-0a7e3d8 elementor-widget elementor-widget-image\" data-id=\"0a7e3d8\" data-element_type=\"widget\" data-widget_type=\"image.default\">\n\t\t\t\t<div class=\"elementor-widget-container\">\n\t\t\t\t\t\t\t\t\t\t\t\t\t\t\t<img decoding=\"async\" width=\"132\" height=\"132\" src=\"https:\/\/rehins.com\/wp-content\/uploads\/2023\/03\/Frame-4.png\" class=\"attachment-large size-large wp-image-601\" alt=\"icono web\" \/>\t\t\t\t\t\t\t\t\t\t\t\t\t\t\t<\/div>\n\t\t\t\t<\/div>\n\t\t\t\t<div class=\"elementor-element elementor-element-244ef04 elementor-widget elementor-widget-heading\" data-id=\"244ef04\" data-element_type=\"widget\" data-widget_type=\"heading.default\">\n\t\t\t\t<div class=\"elementor-widget-container\">\n\t\t\t\t\t<p class=\"elementor-heading-title elementor-size-default\">Avoid long <strong>shutdowns due to unforeseen events<\/strong><\/p>\t\t\t\t<\/div>\n\t\t\t\t<\/div>\n\t\t\t\t<\/div>\n\t\t\t\t<\/div>\n\t\t<div class=\"elementor-element elementor-element-84ea88e e-con-full e-flex e-con e-parent\" data-id=\"84ea88e\" data-element_type=\"container\">\n\t\t<div class=\"elementor-element elementor-element-85b1463 e-con-full e-flex e-con e-parent\" data-id=\"85b1463\" data-element_type=\"container\" data-settings=\"{&quot;background_background&quot;:&quot;classic&quot;}\">\n\t\t\t\t<div class=\"elementor-element elementor-element-099ceee elementor-widget elementor-widget-image\" data-id=\"099ceee\" data-element_type=\"widget\" data-widget_type=\"image.default\">\n\t\t\t\t<div class=\"elementor-widget-container\">\n\t\t\t\t\t\t\t\t\t\t\t\t\t\t\t<img loading=\"lazy\" decoding=\"async\" width=\"231\" height=\"132\" src=\"https:\/\/rehins.com\/wp-content\/uploads\/2023\/03\/Frame-1.png\" class=\"attachment-large size-large wp-image-605\" alt=\"icono web\" \/>\t\t\t\t\t\t\t\t\t\t\t\t\t\t\t<\/div>\n\t\t\t\t<\/div>\n\t\t\t\t<div class=\"elementor-element elementor-element-8e22880 elementor-widget elementor-widget-heading\" data-id=\"8e22880\" data-element_type=\"widget\" data-widget_type=\"heading.default\">\n\t\t\t\t<div class=\"elementor-widget-container\">\n\t\t\t\t\t<p class=\"elementor-heading-title elementor-size-default\">Protect the<strong> service to your customers<\/strong><\/p>\t\t\t\t<\/div>\n\t\t\t\t<\/div>\n\t\t\t\t<\/div>\n\t\t<div class=\"elementor-element elementor-element-ed503d2 e-con-full e-flex e-con e-parent\" data-id=\"ed503d2\" data-element_type=\"container\" data-settings=\"{&quot;background_background&quot;:&quot;classic&quot;}\">\n\t\t\t\t<div class=\"elementor-element elementor-element-1879420 elementor-widget elementor-widget-image\" data-id=\"1879420\" data-element_type=\"widget\" data-widget_type=\"image.default\">\n\t\t\t\t<div class=\"elementor-widget-container\">\n\t\t\t\t\t\t\t\t\t\t\t\t\t\t\t<img loading=\"lazy\" decoding=\"async\" width=\"140\" height=\"140\" src=\"https:\/\/rehins.com\/wp-content\/uploads\/2023\/03\/Frame-3.png\" class=\"attachment-large size-large wp-image-599\" alt=\"icono web\" \/>\t\t\t\t\t\t\t\t\t\t\t\t\t\t\t<\/div>\n\t\t\t\t<\/div>\n\t\t\t\t<div class=\"elementor-element elementor-element-12f179c elementor-widget elementor-widget-heading\" data-id=\"12f179c\" data-element_type=\"widget\" data-widget_type=\"heading.default\">\n\t\t\t\t<div class=\"elementor-widget-container\">\n\t\t\t\t\t<p class=\"elementor-heading-title elementor-size-default\">Decrease <strong>additional operating costs<\/strong><\/p>\t\t\t\t<\/div>\n\t\t\t\t<\/div>\n\t\t\t\t<\/div>\n\t\t<div class=\"elementor-element elementor-element-4decb96 e-con-full e-flex e-con e-parent\" data-id=\"4decb96\" data-element_type=\"container\" data-settings=\"{&quot;background_background&quot;:&quot;classic&quot;}\">\n\t\t\t\t<div class=\"elementor-element elementor-element-b7f1b42 elementor-widget elementor-widget-image\" data-id=\"b7f1b42\" data-element_type=\"widget\" data-widget_type=\"image.default\">\n\t\t\t\t<div class=\"elementor-widget-container\">\n\t\t\t\t\t\t\t\t\t\t\t\t\t\t\t<img loading=\"lazy\" decoding=\"async\" width=\"140\" height=\"140\" src=\"https:\/\/rehins.com\/wp-content\/uploads\/2023\/03\/Frame-5-1.png\" class=\"attachment-large size-large wp-image-603\" alt=\"icono web\" \/>\t\t\t\t\t\t\t\t\t\t\t\t\t\t\t<\/div>\n\t\t\t\t<\/div>\n\t\t\t\t<div class=\"elementor-element elementor-element-8631fef elementor-widget elementor-widget-heading\" data-id=\"8631fef\" data-element_type=\"widget\" data-widget_type=\"heading.default\">\n\t\t\t\t<div class=\"elementor-widget-container\">\n\t\t\t\t\t<p class=\"elementor-heading-title elementor-size-default\">Maintenance planning of your <strong> machinery with Hidr\u00e1ulica Rehins<\/strong><\/p>\t\t\t\t<\/div>\n\t\t\t\t<\/div>\n\t\t\t\t<\/div>\n\t\t\t\t<\/div>\n\t\t\t\t<\/div>\n\t\t\t\t<\/div>\n\t\t","protected":false},"excerpt":{"rendered":"<p>Hydraulic Maintenance Your machinery working at full capacity &#8220;Don\u2019t let your machinery decide for you.&#8221; Hydraulic maintenance at Hidr\u00e1ulica Rehins For any company or business, regardless of the sector to which it belongs, it is essential to be able to keep its equipment fully operational and uninterrupted in its productivity. This becomes a matter of [&hellip;]<\/p>\n","protected":false},"author":2,"featured_media":0,"parent":0,"menu_order":4,"comment_status":"closed","ping_status":"closed","template":"","meta":{"_acf_changed":false,"footnotes":""},"class_list":["post-1780","page","type-page","status-publish","hentry"],"acf":[],"yoast_head":"<!-- This site is optimized with the Yoast SEO plugin v26.8 - https:\/\/yoast.com\/product\/yoast-seo-wordpress\/ -->\n<title>Mantenimiento hidr\u00e1ulico preventivo y correctivo | Hidr\u00e1ulica Rehins<\/title>\n<meta name=\"description\" content=\"Planes de mantenimiento hidr\u00e1ulico adaptados para maquinaria e instalaciones industriales: inspecci\u00f3n, lubricaci\u00f3n, ajustes y resoluci\u00f3n de aver\u00edas para evitar paradas y costes innecesarios.\" \/>\n<meta name=\"robots\" content=\"index, follow, max-snippet:-1, max-image-preview:large, max-video-preview:-1\" \/>\n<link rel=\"canonical\" href=\"https:\/\/rehins.com\/hydraulic-maintenance\/\" \/>\n<meta property=\"og:locale\" content=\"en_US\" \/>\n<meta property=\"og:type\" content=\"article\" \/>\n<meta property=\"og:title\" content=\"Mantenimiento hidr\u00e1ulico preventivo y correctivo | Hidr\u00e1ulica Rehins\" \/>\n<meta property=\"og:description\" content=\"Planes de mantenimiento hidr\u00e1ulico adaptados para maquinaria e instalaciones industriales: inspecci\u00f3n, lubricaci\u00f3n, ajustes y resoluci\u00f3n de aver\u00edas para evitar paradas y costes innecesarios.\" \/>\n<meta property=\"og:url\" content=\"https:\/\/rehins.com\/hydraulic-maintenance\/\" \/>\n<meta property=\"og:site_name\" content=\"Hidraulica Rehins\" \/>\n<meta property=\"article:modified_time\" content=\"2025-10-20T13:47:17+00:00\" \/>\n<meta property=\"og:image\" content=\"https:\/\/rehins.com\/wp-content\/uploads\/2023\/03\/Frame-2.png\" \/>\n<meta name=\"twitter:card\" content=\"summary_large_image\" \/>\n<meta name=\"twitter:label1\" content=\"Est. reading time\" \/>\n\t<meta name=\"twitter:data1\" content=\"3 minutes\" \/>\n<!-- \/ Yoast SEO plugin. -->","yoast_head_json":{"title":"Mantenimiento hidr\u00e1ulico preventivo y correctivo | Hidr\u00e1ulica Rehins","description":"Planes de mantenimiento hidr\u00e1ulico adaptados para maquinaria e instalaciones industriales: inspecci\u00f3n, lubricaci\u00f3n, ajustes y resoluci\u00f3n de aver\u00edas para evitar paradas y costes innecesarios.","robots":{"index":"index","follow":"follow","max-snippet":"max-snippet:-1","max-image-preview":"max-image-preview:large","max-video-preview":"max-video-preview:-1"},"canonical":"https:\/\/rehins.com\/hydraulic-maintenance\/","og_locale":"en_US","og_type":"article","og_title":"Mantenimiento hidr\u00e1ulico preventivo y correctivo | Hidr\u00e1ulica Rehins","og_description":"Planes de mantenimiento hidr\u00e1ulico adaptados para maquinaria e instalaciones industriales: inspecci\u00f3n, lubricaci\u00f3n, ajustes y resoluci\u00f3n de aver\u00edas para evitar paradas y costes innecesarios.","og_url":"https:\/\/rehins.com\/hydraulic-maintenance\/","og_site_name":"Hidraulica Rehins","article_modified_time":"2025-10-20T13:47:17+00:00","og_image":[{"url":"https:\/\/rehins.com\/wp-content\/uploads\/2023\/03\/Frame-2.png","type":"","width":"","height":""}],"twitter_card":"summary_large_image","twitter_misc":{"Est. reading time":"3 minutes"},"schema":{"@context":"https:\/\/schema.org","@graph":[{"@type":"WebPage","@id":"https:\/\/rehins.com\/hydraulic-maintenance\/","url":"https:\/\/rehins.com\/hydraulic-maintenance\/","name":"Mantenimiento hidr\u00e1ulico preventivo y correctivo | Hidr\u00e1ulica Rehins","isPartOf":{"@id":"https:\/\/rehins.com\/#website"},"primaryImageOfPage":{"@id":"https:\/\/rehins.com\/hydraulic-maintenance\/#primaryimage"},"image":{"@id":"https:\/\/rehins.com\/hydraulic-maintenance\/#primaryimage"},"thumbnailUrl":"https:\/\/rehins.com\/wp-content\/uploads\/2023\/03\/Frame-2.png","datePublished":"2023-06-15T07:27:25+00:00","dateModified":"2025-10-20T13:47:17+00:00","description":"Planes de mantenimiento hidr\u00e1ulico adaptados para maquinaria e instalaciones industriales: inspecci\u00f3n, lubricaci\u00f3n, ajustes y resoluci\u00f3n de aver\u00edas para evitar paradas y costes innecesarios.","breadcrumb":{"@id":"https:\/\/rehins.com\/hydraulic-maintenance\/#breadcrumb"},"inLanguage":"en-US","potentialAction":[{"@type":"ReadAction","target":["https:\/\/rehins.com\/hydraulic-maintenance\/"]}]},{"@type":"ImageObject","inLanguage":"en-US","@id":"https:\/\/rehins.com\/hydraulic-maintenance\/#primaryimage","url":"https:\/\/rehins.com\/wp-content\/uploads\/2023\/03\/Frame-2.png","contentUrl":"https:\/\/rehins.com\/wp-content\/uploads\/2023\/03\/Frame-2.png"},{"@type":"BreadcrumbList","@id":"https:\/\/rehins.com\/hydraulic-maintenance\/#breadcrumb","itemListElement":[{"@type":"ListItem","position":1,"name":"Portada","item":"https:\/\/rehins.com\/"},{"@type":"ListItem","position":2,"name":"Hydraulic Maintenance"}]},{"@type":"WebSite","@id":"https:\/\/rehins.com\/#website","url":"https:\/\/rehins.com\/","name":"Hidraulica Rehins","description":"","publisher":{"@id":"https:\/\/rehins.com\/#organization"},"potentialAction":[{"@type":"SearchAction","target":{"@type":"EntryPoint","urlTemplate":"https:\/\/rehins.com\/?s={search_term_string}"},"query-input":{"@type":"PropertyValueSpecification","valueRequired":true,"valueName":"search_term_string"}}],"inLanguage":"en-US"},{"@type":"Organization","@id":"https:\/\/rehins.com\/#organization","name":"Hidraulica Rehins","url":"https:\/\/rehins.com\/","logo":{"@type":"ImageObject","inLanguage":"en-US","@id":"https:\/\/rehins.com\/#\/schema\/logo\/image\/","url":"https:\/\/rehins.com\/wp-content\/uploads\/2023\/03\/cropped-Frame-6.png","contentUrl":"https:\/\/rehins.com\/wp-content\/uploads\/2023\/03\/cropped-Frame-6.png","width":341,"height":95,"caption":"Hidraulica Rehins"},"image":{"@id":"https:\/\/rehins.com\/#\/schema\/logo\/image\/"}}]}},"_links":{"self":[{"href":"https:\/\/rehins.com\/en\/wp-json\/wp\/v2\/pages\/1780","targetHints":{"allow":["GET"]}}],"collection":[{"href":"https:\/\/rehins.com\/en\/wp-json\/wp\/v2\/pages"}],"about":[{"href":"https:\/\/rehins.com\/en\/wp-json\/wp\/v2\/types\/page"}],"author":[{"embeddable":true,"href":"https:\/\/rehins.com\/en\/wp-json\/wp\/v2\/users\/2"}],"replies":[{"embeddable":true,"href":"https:\/\/rehins.com\/en\/wp-json\/wp\/v2\/comments?post=1780"}],"version-history":[{"count":17,"href":"https:\/\/rehins.com\/en\/wp-json\/wp\/v2\/pages\/1780\/revisions"}],"predecessor-version":[{"id":2243,"href":"https:\/\/rehins.com\/en\/wp-json\/wp\/v2\/pages\/1780\/revisions\/2243"}],"wp:attachment":[{"href":"https:\/\/rehins.com\/en\/wp-json\/wp\/v2\/media?parent=1780"}],"curies":[{"name":"wp","href":"https:\/\/api.w.org\/{rel}","templated":true}]}}