{"id":751,"date":"2023-03-17T08:44:23","date_gmt":"2023-03-17T08:44:23","guid":{"rendered":"https:\/\/rehins.com\/quienes-somos\/"},"modified":"2025-10-20T13:37:53","modified_gmt":"2025-10-20T13:37:53","slug":"about-us","status":"publish","type":"page","link":"https:\/\/rehins.com\/en\/about-us\/","title":{"rendered":"About us"},"content":{"rendered":"\t\t<div data-elementor-type=\"wp-page\" data-elementor-id=\"751\" class=\"elementor elementor-751 elementor-89\" data-elementor-post-type=\"page\">\n\t\t\t\t<div class=\"elementor-element elementor-element-a9f1d5f e-con-full e-flex e-con e-parent\" data-id=\"a9f1d5f\" data-element_type=\"container\" data-settings=\"{&quot;background_background&quot;:&quot;classic&quot;}\">\n\t\t\t\t<div class=\"elementor-element elementor-element-0c15ec1 elementor-widget elementor-widget-text-editor\" data-id=\"0c15ec1\" data-element_type=\"widget\" data-widget_type=\"text-editor.default\">\n\t\t\t\t<div class=\"elementor-widget-container\">\n\t\t\t\t\t\t\t\t\t<h1><strong>Hidr\u00e1ulica Rehins<\/strong><\/h1><p>We specialize in hydraulic system repairs.<\/p>\t\t\t\t\t\t\t\t<\/div>\n\t\t\t\t<\/div>\n\t\t\t\t<\/div>\n\t\t<div class=\"elementor-element elementor-element-4e04dd4 e-con-full e-flex e-con e-parent\" data-id=\"4e04dd4\" data-element_type=\"container\">\n\t\t<div class=\"elementor-element elementor-element-b8884f1 e-con-full e-flex e-con e-child\" data-id=\"b8884f1\" data-element_type=\"container\">\n\t\t<div class=\"elementor-element elementor-element-a8b4d29 e-con-full e-flex e-con e-child\" data-id=\"a8b4d29\" data-element_type=\"container\">\n\t\t<div class=\"elementor-element elementor-element-d6ff59a e-con-full e-flex e-con e-child\" data-id=\"d6ff59a\" data-element_type=\"container\">\n\t\t\t\t<div class=\"elementor-element elementor-element-a9feaf4 elementor-widget elementor-widget-image\" data-id=\"a9feaf4\" data-element_type=\"widget\" data-widget_type=\"image.default\">\n\t\t\t\t<div class=\"elementor-widget-container\">\n\t\t\t\t\t\t\t\t\t\t\t\t\t\t\t<img decoding=\"async\" width=\"138\" height=\"140\" src=\"https:\/\/rehins.com\/wp-content\/uploads\/2023\/03\/Group-286.png\" class=\"attachment-large size-large wp-image-579\" alt=\"icono web\" \/>\t\t\t\t\t\t\t\t\t\t\t\t\t\t\t<\/div>\n\t\t\t\t<\/div>\n\t\t\t\t<div class=\"elementor-element elementor-element-c8f054e elementor-widget elementor-widget-heading\" data-id=\"c8f054e\" data-element_type=\"widget\" data-widget_type=\"heading.default\">\n\t\t\t\t<div class=\"elementor-widget-container\">\n\t\t\t\t\t<h2 class=\"elementor-heading-title elementor-size-default\">365\/24 emergency services<\/h2>\t\t\t\t<\/div>\n\t\t\t\t<\/div>\n\t\t\t\t<\/div>\n\t\t\t\t<div class=\"elementor-element elementor-element-66ed21f elementor-widget elementor-widget-text-editor\" data-id=\"66ed21f\" data-element_type=\"widget\" data-widget_type=\"text-editor.default\">\n\t\t\t\t<div class=\"elementor-widget-container\">\n\t\t\t\t\t\t\t\t\t<p>Our <strong>service technicians<\/strong> will take care of any type of breakdown anywhere in Catalonia thanks to the <strong>immediate intervention<\/strong> of our <strong>mobile workshops<\/strong>, which are equipped with equipment and material that allow us to manufacture hydraulic hoses and necessary components on site to get your installations up and running.<\/p>\t\t\t\t\t\t\t\t<\/div>\n\t\t\t\t<\/div>\n\t\t\t\t<\/div>\n\t\t<div class=\"elementor-element elementor-element-91cb806 e-con-full e-flex e-con e-child\" data-id=\"91cb806\" data-element_type=\"container\">\n\t\t<div class=\"elementor-element elementor-element-ddd4e89 e-con-full e-flex e-con e-child\" data-id=\"ddd4e89\" data-element_type=\"container\">\n\t\t\t\t<div class=\"elementor-element elementor-element-bcc72cd elementor-widget elementor-widget-image\" data-id=\"bcc72cd\" data-element_type=\"widget\" data-widget_type=\"image.default\">\n\t\t\t\t<div class=\"elementor-widget-container\">\n\t\t\t\t\t\t\t\t\t\t\t\t\t\t\t<img decoding=\"async\" width=\"140\" height=\"140\" src=\"https:\/\/rehins.com\/wp-content\/uploads\/2023\/03\/Frame.png\" class=\"attachment-large size-large wp-image-581\" alt=\"icono web\" \/>\t\t\t\t\t\t\t\t\t\t\t\t\t\t\t<\/div>\n\t\t\t\t<\/div>\n\t\t\t\t<div class=\"elementor-element elementor-element-33aab47 elementor-widget elementor-widget-heading\" data-id=\"33aab47\" data-element_type=\"widget\" data-widget_type=\"heading.default\">\n\t\t\t\t<div class=\"elementor-widget-container\">\n\t\t\t\t\t<h2 class=\"elementor-heading-title elementor-size-default\">Planned maintenance <\/h2>\t\t\t\t<\/div>\n\t\t\t\t<\/div>\n\t\t\t\t<\/div>\n\t\t\t\t<div class=\"elementor-element elementor-element-b2e3b33 elementor-widget elementor-widget-text-editor\" data-id=\"b2e3b33\" data-element_type=\"widget\" data-widget_type=\"text-editor.default\">\n\t\t\t\t<div class=\"elementor-widget-container\">\n\t\t\t\t\t\t\t\t\t<p>Of your facilities or machinery through coordinated interventions together with our <strong>technical department<\/strong>, which has over <strong>twenty years of experience<\/strong>.<\/p>\t\t\t\t\t\t\t\t<\/div>\n\t\t\t\t<\/div>\n\t\t\t\t<\/div>\n\t\t\t\t<\/div>\n\t\t\t\t<\/div>\n\t\t<div class=\"elementor-element elementor-element-b557c17 e-con-full e-flex e-con e-parent\" data-id=\"b557c17\" data-element_type=\"container\">\n\t\t\t\t<div class=\"elementor-element elementor-element-19d686a elementor-hidden-mobile elementor-widget elementor-widget-image\" data-id=\"19d686a\" data-element_type=\"widget\" data-widget_type=\"image.default\">\n\t\t\t\t<div class=\"elementor-widget-container\">\n\t\t\t\t\t\t\t\t\t\t\t\t\t\t\t<img fetchpriority=\"high\" decoding=\"async\" width=\"1024\" height=\"768\" src=\"https:\/\/rehins.com\/wp-content\/uploads\/2023\/05\/98cc3464-d0e6-4ece-b508-255b069fe23f.jpg\" class=\"attachment-full size-full wp-image-1142\" alt=\"\" srcset=\"https:\/\/rehins.com\/wp-content\/uploads\/2023\/05\/98cc3464-d0e6-4ece-b508-255b069fe23f.jpg 1024w, https:\/\/rehins.com\/wp-content\/uploads\/2023\/05\/98cc3464-d0e6-4ece-b508-255b069fe23f-300x225.jpg 300w, https:\/\/rehins.com\/wp-content\/uploads\/2023\/05\/98cc3464-d0e6-4ece-b508-255b069fe23f-768x576.jpg 768w\" sizes=\"(max-width: 1024px) 100vw, 1024px\" \/>\t\t\t\t\t\t\t\t\t\t\t\t\t\t\t<\/div>\n\t\t\t\t<\/div>\n\t\t\t\t<div class=\"elementor-element elementor-element-dad88e7 elementor-hidden-desktop elementor-hidden-tablet elementor-widget elementor-widget-image\" data-id=\"dad88e7\" data-element_type=\"widget\" data-widget_type=\"image.default\">\n\t\t\t\t<div class=\"elementor-widget-container\">\n\t\t\t\t\t\t\t\t\t\t\t\t\t\t\t<img fetchpriority=\"high\" decoding=\"async\" width=\"1024\" height=\"768\" src=\"https:\/\/rehins.com\/wp-content\/uploads\/2023\/05\/98cc3464-d0e6-4ece-b508-255b069fe23f.jpg\" class=\"attachment-full size-full wp-image-1142\" alt=\"\" srcset=\"https:\/\/rehins.com\/wp-content\/uploads\/2023\/05\/98cc3464-d0e6-4ece-b508-255b069fe23f.jpg 1024w, https:\/\/rehins.com\/wp-content\/uploads\/2023\/05\/98cc3464-d0e6-4ece-b508-255b069fe23f-300x225.jpg 300w, https:\/\/rehins.com\/wp-content\/uploads\/2023\/05\/98cc3464-d0e6-4ece-b508-255b069fe23f-768x576.jpg 768w\" sizes=\"(max-width: 1024px) 100vw, 1024px\" \/>\t\t\t\t\t\t\t\t\t\t\t\t\t\t\t<\/div>\n\t\t\t\t<\/div>\n\t\t\t\t<\/div>\n\t\t<div class=\"elementor-element elementor-element-c95a342 e-con-full e-flex e-con e-parent\" data-id=\"c95a342\" data-element_type=\"container\">\n\t\t<div class=\"elementor-element elementor-element-5f5509c e-con-full e-flex e-con e-child\" data-id=\"5f5509c\" data-element_type=\"container\">\n\t\t<div class=\"elementor-element elementor-element-e37f035 e-con-full e-flex e-con e-child\" data-id=\"e37f035\" data-element_type=\"container\" data-settings=\"{&quot;background_background&quot;:&quot;classic&quot;}\">\n\t\t<div class=\"elementor-element elementor-element-170d86d e-con-full e-flex e-con e-child\" data-id=\"170d86d\" data-element_type=\"container\" data-settings=\"{&quot;background_background&quot;:&quot;classic&quot;}\">\n\t\t\t\t<div class=\"elementor-element elementor-element-5074d97 elementor-widget elementor-widget-heading\" data-id=\"5074d97\" data-element_type=\"widget\" data-widget_type=\"heading.default\">\n\t\t\t\t<div class=\"elementor-widget-container\">\n\t\t\t\t\t<h2 class=\"elementor-heading-title elementor-size-default\">The shop<\/h2>\t\t\t\t<\/div>\n\t\t\t\t<\/div>\n\t\t\t\t<\/div>\n\t\t\t\t<div class=\"elementor-element elementor-element-35be3a8 elementor-widget elementor-widget-text-editor\" data-id=\"35be3a8\" data-element_type=\"widget\" data-widget_type=\"text-editor.default\">\n\t\t\t\t<div class=\"elementor-widget-container\">\n\t\t\t\t\t\t\t\t\t<p>We offer a wide range of hydraulic-related products, such as pipes, hoses, fittings, connections, pumps, valves, distributors, motors, filters, and much more.<\/p>\t\t\t\t\t\t\t\t<\/div>\n\t\t\t\t<\/div>\n\t\t\t\t<\/div>\n\t\t<div class=\"elementor-element elementor-element-e5e4490 e-con-full e-flex e-con e-child\" data-id=\"e5e4490\" data-element_type=\"container\" data-settings=\"{&quot;background_background&quot;:&quot;classic&quot;}\">\n\t\t<div class=\"elementor-element elementor-element-b186f9a e-con-full e-flex e-con e-child\" data-id=\"b186f9a\" data-element_type=\"container\" data-settings=\"{&quot;background_background&quot;:&quot;classic&quot;}\">\n\t\t\t\t<div class=\"elementor-element elementor-element-a747a96 elementor-widget elementor-widget-heading\" data-id=\"a747a96\" data-element_type=\"widget\" data-widget_type=\"heading.default\">\n\t\t\t\t<div class=\"elementor-widget-container\">\n\t\t\t\t\t<h2 class=\"elementor-heading-title elementor-size-default\">The workshop<\/h2>\t\t\t\t<\/div>\n\t\t\t\t<\/div>\n\t\t\t\t<\/div>\n\t\t\t\t<div class=\"elementor-element elementor-element-5282772 elementor-widget elementor-widget-text-editor\" data-id=\"5282772\" data-element_type=\"widget\" data-widget_type=\"text-editor.default\">\n\t\t\t\t<div class=\"elementor-widget-container\">\n\t\t\t\t\t\t\t\t\t<p>If you wish, you can come to our facilities, where we can quickly manufacture your hoses. You can also bring us hydraulic cylinders, distributors and other components for repair.<\/p>\t\t\t\t\t\t\t\t<\/div>\n\t\t\t\t<\/div>\n\t\t\t\t<\/div>\n\t\t\t\t<\/div>\n\t\t<div class=\"elementor-element elementor-element-54add33 e-con-full e-flex e-con e-child\" data-id=\"54add33\" data-element_type=\"container\">\n\t\t\t\t<div class=\"elementor-element elementor-element-25a62ba elementor-widget elementor-widget-image\" data-id=\"25a62ba\" data-element_type=\"widget\" data-widget_type=\"image.default\">\n\t\t\t\t<div class=\"elementor-widget-container\">\n\t\t\t\t\t\t\t\t\t\t\t\t\t\t\t<img loading=\"lazy\" decoding=\"async\" width=\"800\" height=\"712\" src=\"https:\/\/rehins.com\/wp-content\/uploads\/2023\/05\/7085d0c5-8fc0-44e3-a193-d0f5d8c05123-e1683186027438-1024x911.jpg\" class=\"attachment-large size-large wp-image-1148\" alt=\"Hidr\u00e1ulica rehins\" srcset=\"https:\/\/rehins.com\/wp-content\/uploads\/2023\/05\/7085d0c5-8fc0-44e3-a193-d0f5d8c05123-e1683186027438-1024x911.jpg 1024w, https:\/\/rehins.com\/wp-content\/uploads\/2023\/05\/7085d0c5-8fc0-44e3-a193-d0f5d8c05123-e1683186027438-300x267.jpg 300w, https:\/\/rehins.com\/wp-content\/uploads\/2023\/05\/7085d0c5-8fc0-44e3-a193-d0f5d8c05123-e1683186027438-768x684.jpg 768w, https:\/\/rehins.com\/wp-content\/uploads\/2023\/05\/7085d0c5-8fc0-44e3-a193-d0f5d8c05123-e1683186027438.jpg 1536w\" sizes=\"(max-width: 800px) 100vw, 800px\" \/>\t\t\t\t\t\t\t\t\t\t\t\t\t\t\t<\/div>\n\t\t\t\t<\/div>\n\t\t\t\t<\/div>\n\t\t\t\t<\/div>\n\t\t<div class=\"elementor-element elementor-element-ccbbd2e e-con-full e-flex e-con e-parent\" data-id=\"ccbbd2e\" data-element_type=\"container\">\n\t\t\t\t<div class=\"elementor-element elementor-element-0276aa4 elementor-widget elementor-widget-text-editor\" data-id=\"0276aa4\" data-element_type=\"widget\" data-widget_type=\"text-editor.default\">\n\t\t\t\t<div class=\"elementor-widget-container\">\n\t\t\t\t\t\t\t\t\t<div class=\"flex flex-grow flex-col gap-3\"><div class=\"min-h-[20px] flex flex-col items-start gap-4 whitespace-pre-wrap\"><div class=\"markdown prose w-full break-words dark:prose-invert light\"><p>Among our clients, we have companies of very diverse sizes and sectors (construction, public works, machinery, industry, mining, municipalities, naval and nautical, logistics&#8230;), who for years have been trusting us with the resolution of their incidents since at Hydraulic Rehins we ensure the continuity of their processes.<\/p><p>Our mission is to achieve maximum productivity from our clients&#8217; resources. Our technicians, with extensive experience in the sector, strive to ensure that our clients&#8217; assets are quickly up and running, so that their company can continue working in the shortest possible time. Thousands of interventions endorse us.<\/p><\/div><\/div><\/div><div class=\"flex justify-between\"><div class=\"text-gray-400 flex self-end lg:self-center justify-center mt-2 gap-3 md:gap-4 lg:gap-1 lg:absolute lg:top-0 lg:translate-x-full lg:right-0 lg:mt-0 lg:pl-2 visible\">\u00a0<\/div><\/div>\t\t\t\t\t\t\t\t<\/div>\n\t\t\t\t<\/div>\n\t\t\t\t<\/div>\n\t\t\t\t<\/div>\n\t\t","protected":false},"excerpt":{"rendered":"<p>Hidr\u00e1ulica Rehins We specialize in hydraulic system repairs. 365\/24 emergency services Our service technicians will take care of any type of breakdown anywhere in Catalonia thanks to the immediate intervention of our mobile workshops, which are equipped with equipment and material that allow us to manufacture hydraulic hoses and necessary components on site to get [&hellip;]<\/p>\n","protected":false},"author":2,"featured_media":0,"parent":0,"menu_order":1,"comment_status":"closed","ping_status":"open","template":"","meta":{"_acf_changed":false,"footnotes":""},"class_list":["post-751","page","type-page","status-publish","hentry"],"acf":[],"yoast_head":"<!-- This site is optimized with the Yoast SEO plugin v26.8 - https:\/\/yoast.com\/product\/yoast-seo-wordpress\/ -->\n<title>Acerca de nosotros \u2013 Historia y valores | Hidr\u00e1ulica\u202fRehins<\/title>\n<meta name=\"description\" content=\"Descubre la historia de Hidr\u00e1ulica Rehins: taller hidr\u00e1ulico en Catalunya, experiencia t\u00e9cnica, compromiso con la calidad y atenci\u00f3n profesional para maquinaria industrial y m\u00f3vil.\" \/>\n<meta name=\"robots\" content=\"index, follow, max-snippet:-1, max-image-preview:large, max-video-preview:-1\" \/>\n<link rel=\"canonical\" href=\"https:\/\/rehins.com\/about-us\/\" \/>\n<meta property=\"og:locale\" content=\"en_US\" \/>\n<meta property=\"og:type\" content=\"article\" \/>\n<meta property=\"og:title\" content=\"Acerca de nosotros \u2013 Historia y valores | Hidr\u00e1ulica\u202fRehins\" \/>\n<meta property=\"og:description\" content=\"Descubre la historia de Hidr\u00e1ulica Rehins: taller hidr\u00e1ulico en Catalunya, experiencia t\u00e9cnica, compromiso con la calidad y atenci\u00f3n profesional para maquinaria industrial y m\u00f3vil.\" \/>\n<meta property=\"og:url\" content=\"https:\/\/rehins.com\/about-us\/\" \/>\n<meta property=\"og:site_name\" content=\"Hidraulica Rehins\" \/>\n<meta property=\"article:modified_time\" content=\"2025-10-20T13:37:53+00:00\" \/>\n<meta property=\"og:image\" content=\"https:\/\/rehins.com\/wp-content\/uploads\/2023\/03\/Group-286.png\" \/>\n<meta name=\"twitter:card\" content=\"summary_large_image\" \/>\n<meta name=\"twitter:label1\" content=\"Est. reading time\" \/>\n\t<meta name=\"twitter:data1\" content=\"3 minutes\" \/>\n<!-- \/ Yoast SEO plugin. -->","yoast_head_json":{"title":"Acerca de nosotros \u2013 Historia y valores | Hidr\u00e1ulica\u202fRehins","description":"Descubre la historia de Hidr\u00e1ulica Rehins: taller hidr\u00e1ulico en Catalunya, experiencia t\u00e9cnica, compromiso con la calidad y atenci\u00f3n profesional para maquinaria industrial y m\u00f3vil.","robots":{"index":"index","follow":"follow","max-snippet":"max-snippet:-1","max-image-preview":"max-image-preview:large","max-video-preview":"max-video-preview:-1"},"canonical":"https:\/\/rehins.com\/about-us\/","og_locale":"en_US","og_type":"article","og_title":"Acerca de nosotros \u2013 Historia y valores | Hidr\u00e1ulica\u202fRehins","og_description":"Descubre la historia de Hidr\u00e1ulica Rehins: taller hidr\u00e1ulico en Catalunya, experiencia t\u00e9cnica, compromiso con la calidad y atenci\u00f3n profesional para maquinaria industrial y m\u00f3vil.","og_url":"https:\/\/rehins.com\/about-us\/","og_site_name":"Hidraulica Rehins","article_modified_time":"2025-10-20T13:37:53+00:00","og_image":[{"url":"https:\/\/rehins.com\/wp-content\/uploads\/2023\/03\/Group-286.png","type":"","width":"","height":""}],"twitter_card":"summary_large_image","twitter_misc":{"Est. reading time":"3 minutes"},"schema":{"@context":"https:\/\/schema.org","@graph":[{"@type":"WebPage","@id":"https:\/\/rehins.com\/about-us\/","url":"https:\/\/rehins.com\/about-us\/","name":"Acerca de nosotros \u2013 Historia y valores | Hidr\u00e1ulica\u202fRehins","isPartOf":{"@id":"https:\/\/rehins.com\/#website"},"primaryImageOfPage":{"@id":"https:\/\/rehins.com\/about-us\/#primaryimage"},"image":{"@id":"https:\/\/rehins.com\/about-us\/#primaryimage"},"thumbnailUrl":"https:\/\/rehins.com\/wp-content\/uploads\/2023\/03\/Group-286.png","datePublished":"2023-03-17T08:44:23+00:00","dateModified":"2025-10-20T13:37:53+00:00","description":"Descubre la historia de Hidr\u00e1ulica Rehins: taller hidr\u00e1ulico en Catalunya, experiencia t\u00e9cnica, compromiso con la calidad y atenci\u00f3n profesional para maquinaria industrial y m\u00f3vil.","breadcrumb":{"@id":"https:\/\/rehins.com\/about-us\/#breadcrumb"},"inLanguage":"en-US","potentialAction":[{"@type":"ReadAction","target":["https:\/\/rehins.com\/about-us\/"]}]},{"@type":"ImageObject","inLanguage":"en-US","@id":"https:\/\/rehins.com\/about-us\/#primaryimage","url":"https:\/\/rehins.com\/wp-content\/uploads\/2023\/03\/Group-286.png","contentUrl":"https:\/\/rehins.com\/wp-content\/uploads\/2023\/03\/Group-286.png"},{"@type":"BreadcrumbList","@id":"https:\/\/rehins.com\/about-us\/#breadcrumb","itemListElement":[{"@type":"ListItem","position":1,"name":"Portada","item":"https:\/\/rehins.com\/"},{"@type":"ListItem","position":2,"name":"About us"}]},{"@type":"WebSite","@id":"https:\/\/rehins.com\/#website","url":"https:\/\/rehins.com\/","name":"Hidraulica Rehins","description":"","publisher":{"@id":"https:\/\/rehins.com\/#organization"},"potentialAction":[{"@type":"SearchAction","target":{"@type":"EntryPoint","urlTemplate":"https:\/\/rehins.com\/?s={search_term_string}"},"query-input":{"@type":"PropertyValueSpecification","valueRequired":true,"valueName":"search_term_string"}}],"inLanguage":"en-US"},{"@type":"Organization","@id":"https:\/\/rehins.com\/#organization","name":"Hidraulica Rehins","url":"https:\/\/rehins.com\/","logo":{"@type":"ImageObject","inLanguage":"en-US","@id":"https:\/\/rehins.com\/#\/schema\/logo\/image\/","url":"https:\/\/rehins.com\/wp-content\/uploads\/2023\/03\/cropped-Frame-6.png","contentUrl":"https:\/\/rehins.com\/wp-content\/uploads\/2023\/03\/cropped-Frame-6.png","width":341,"height":95,"caption":"Hidraulica Rehins"},"image":{"@id":"https:\/\/rehins.com\/#\/schema\/logo\/image\/"}}]}},"_links":{"self":[{"href":"https:\/\/rehins.com\/en\/wp-json\/wp\/v2\/pages\/751","targetHints":{"allow":["GET"]}}],"collection":[{"href":"https:\/\/rehins.com\/en\/wp-json\/wp\/v2\/pages"}],"about":[{"href":"https:\/\/rehins.com\/en\/wp-json\/wp\/v2\/types\/page"}],"author":[{"embeddable":true,"href":"https:\/\/rehins.com\/en\/wp-json\/wp\/v2\/users\/2"}],"replies":[{"embeddable":true,"href":"https:\/\/rehins.com\/en\/wp-json\/wp\/v2\/comments?post=751"}],"version-history":[{"count":34,"href":"https:\/\/rehins.com\/en\/wp-json\/wp\/v2\/pages\/751\/revisions"}],"predecessor-version":[{"id":3447,"href":"https:\/\/rehins.com\/en\/wp-json\/wp\/v2\/pages\/751\/revisions\/3447"}],"wp:attachment":[{"href":"https:\/\/rehins.com\/en\/wp-json\/wp\/v2\/media?parent=751"}],"curies":[{"name":"wp","href":"https:\/\/api.w.org\/{rel}","templated":true}]}}